{"id":2926,"date":"2026-02-10T12:01:28","date_gmt":"2026-02-10T11:01:28","guid":{"rendered":"https:\/\/www.classebox.com\/caucherie\/?post_type=product&#038;p=2926"},"modified":"2026-02-12T17:47:06","modified_gmt":"2026-02-12T16:47:06","slug":"box-de-25m3-rdc-saint-martin-boulogne-la-caucherie","status":"publish","type":"product","link":"https:\/\/www.classebox.com\/caucherie\/produit\/box-de-25m3-rdc-saint-martin-boulogne-la-caucherie\/","title":{"rendered":"Box de 25m3 (10m2)"},"content":{"rendered":"<table style=\"max-width: 250px; border-collapse: collapse; margin-top: 20px;\">\n<tbody>\n<tr valign=\"middle\">\n<td style=\"padding: 0px; vertical-align: middle;\"><img loading=\"lazy\" decoding=\"async\" src=\"https:\/\/www.classebox.com\/wp-content\/uploads\/2023\/03\/icon-volume.png\" alt=\"Volume\" width=\"60\" height=\"60\" \/><\/td>\n<td style=\"padding: 0px; vertical-align: middle;\">Volume :<strong> 25 m\u00b3<\/strong><\/td>\n<\/tr>\n<tr valign=\"middle\">\n<td style=\"padding: 0px; vertical-align: middle;\"><img loading=\"lazy\" decoding=\"async\" src=\"https:\/\/www.classebox.com\/wp-content\/uploads\/2023\/03\/icon-surface.png\" alt=\"Surface\" width=\"60\" height=\"60\" \/><\/td>\n<td style=\"padding: 0px; vertical-align: middle;\">Surface :<strong> 10 m\u00b2<\/strong><\/td>\n<\/tr>\n<tr valign=\"middle\">\n<td style=\"padding: 0px; vertical-align: middle;\"><img loading=\"lazy\" decoding=\"async\" src=\"https:\/\/www.classebox.com\/wp-content\/uploads\/2023\/03\/icon_hauteur.png\" alt=\"hauteur\" width=\"60\" height=\"60\" \/><\/td>\n<td style=\"padding: 0px; vertical-align: middle;\">Hauteur : <strong>2.50 m<\/strong><\/td>\n<\/tr>\n<\/tbody>\n<\/table>\n<p>Pour l\u2019entreposage par exemple des objets personnels, des v\u00eatements, des bo\u00eetes, des skis, des jouets pour enfants, des petits meubles, des documents professionnels et des mat\u00e9riaux divers.<\/p>\n<h2>Un doute sur la taille du box qu\u2019il vous faut ?<\/h2>\n<p><a class=\"buttonperso\" style=\"text-decoration: none!important;\" href=\"https:\/\/www.classebox.com\/box\/calculateur-de-volume\/\">Calculateur de volume<\/a> <a class=\"buttonperso\" style=\"text-decoration: none!important;\" href=\"https:\/\/www.classebox.com\/rendez-vous\/#Saint-Martin-Boulogne-La-Caucherie\">Rendez-vous pour visiter<\/a> <a class=\"buttonperso\" style=\"text-decoration: none!important;\" href=\"https:\/\/www.classebox.com\/contact\/\">Nous contacter<\/a><\/p>\n<h2>Comment venir \u00e0 Saint-Martin-Boulogne &#8211; La Caucherie ?<\/h2>\n<p><a class=\"buttonperso\" style=\"text-decoration: none!important;\" href=\"https:\/\/goo.gl\/maps\/gCXAV17CTEHpRfDN6\" target=\"_blank\" rel=\"noopener\">Itin\u00e9raire vers La Caucherie<\/a><\/p>\n<div style=\"display: none;\">Bat 1, 1er \u00e9tage (n\u00b0CA220)<\/div>\n","protected":false},"excerpt":{"rendered":"<p>Volume : 25 m\u00b3 Surface : 10 m\u00b2 Hauteur : 2.50 m Pour l\u2019entreposage par exemple des objets personnels, des v\u00eatements, des bo\u00eetes, des skis, des jouets pour enfants, des petits meubles, des documents professionnels et des mat\u00e9riaux divers. Un doute sur la taille du box qu\u2019il vous faut ? Calculateur de volume Rendez-vous pour&#8230;<\/p>\n","protected":false},"featured_media":858,"comment_status":"open","ping_status":"closed","template":"","meta":{"_kad_blocks_custom_css":"","_kad_blocks_head_custom_js":"","_kad_blocks_body_custom_js":"","_kad_blocks_footer_custom_js":"","_kad_post_transparent":"default","_kad_post_title":"","_kad_post_layout":"default","_kad_post_sidebar_id":"","_kad_post_content_style":"default","_kad_post_vertical_padding":"default","_kad_post_feature":"","_kad_post_feature_position":"","_kad_post_header":false,"_kad_post_footer":false,"_kad_post_classname":""},"product_brand":[],"product_cat":[166,36],"product_tag":[42,307],"class_list":{"0":"post-2926","1":"product","2":"type-product","3":"status-publish","4":"has-post-thumbnail","6":"product_cat-caucherie-taille-l","7":"product_cat-saint-martin-boulogne-la-caucherie","8":"product_tag-fra","9":"product_tag-rdc","11":"first","12":"onbackorder","13":"sold-individually","14":"taxable","15":"shipping-taxable","16":"purchasable","17":"product-type-variable-subscription","18":"has-default-attributes","19":"entry","20":"content-bg","21":"loop-entry"},"yoast_head":"<!-- This site is optimized with the Yoast SEO plugin v27.0 - https:\/\/yoast.com\/product\/yoast-seo-wordpress\/ -->\n<title>Box de 25m3 (10m2) - CLASSE BOX Caucherie<\/title>\n<meta name=\"robots\" content=\"index, follow, max-snippet:-1, max-image-preview:large, max-video-preview:-1\" \/>\n<link rel=\"canonical\" href=\"https:\/\/www.classebox.com\/caucherie\/produit\/box-de-25m3-rdc-saint-martin-boulogne-la-caucherie\/\" \/>\n<meta property=\"og:locale\" content=\"fr_FR\" \/>\n<meta property=\"og:type\" content=\"article\" \/>\n<meta property=\"og:title\" content=\"Box de 25m3 (10m2) - CLASSE BOX Caucherie\" \/>\n<meta property=\"og:description\" content=\"Volume : 25 m\u00b3 Surface : 10 m\u00b2 Hauteur : 2.50 m Pour l\u2019entreposage par exemple des objets personnels, des v\u00eatements, des bo\u00eetes, des skis, des jouets pour enfants, des petits meubles, des documents professionnels et des mat\u00e9riaux divers. Un doute sur la taille du box qu\u2019il vous faut ? Calculateur de volume Rendez-vous pour...\" \/>\n<meta property=\"og:url\" content=\"https:\/\/www.classebox.com\/caucherie\/produit\/box-de-25m3-rdc-saint-martin-boulogne-la-caucherie\/\" \/>\n<meta property=\"og:site_name\" content=\"CLASSE BOX Caucherie\" \/>\n<meta property=\"article:modified_time\" content=\"2026-02-12T16:47:06+00:00\" \/>\n<meta property=\"og:image\" content=\"https:\/\/www.classebox.com\/caucherie\/wp-content\/uploads\/2024\/09\/Box_de_25_m3.png\" \/>\n\t<meta property=\"og:image:width\" content=\"800\" \/>\n\t<meta property=\"og:image:height\" content=\"800\" \/>\n\t<meta property=\"og:image:type\" content=\"image\/png\" \/>\n<meta name=\"twitter:card\" content=\"summary_large_image\" \/>\n<meta name=\"twitter:label1\" content=\"Dur\u00e9e de lecture estim\u00e9e\" \/>\n\t<meta name=\"twitter:data1\" content=\"2 minutes\" \/>\n<!-- \/ Yoast SEO plugin. -->","yoast_head_json":{"title":"Box de 25m3 (10m2) - CLASSE BOX Caucherie","robots":{"index":"index","follow":"follow","max-snippet":"max-snippet:-1","max-image-preview":"max-image-preview:large","max-video-preview":"max-video-preview:-1"},"canonical":"https:\/\/www.classebox.com\/caucherie\/produit\/box-de-25m3-rdc-saint-martin-boulogne-la-caucherie\/","og_locale":"fr_FR","og_type":"article","og_title":"Box de 25m3 (10m2) - CLASSE BOX Caucherie","og_description":"Volume : 25 m\u00b3 Surface : 10 m\u00b2 Hauteur : 2.50 m Pour l\u2019entreposage par exemple des objets personnels, des v\u00eatements, des bo\u00eetes, des skis, des jouets pour enfants, des petits meubles, des documents professionnels et des mat\u00e9riaux divers. Un doute sur la taille du box qu\u2019il vous faut ? Calculateur de volume Rendez-vous pour...","og_url":"https:\/\/www.classebox.com\/caucherie\/produit\/box-de-25m3-rdc-saint-martin-boulogne-la-caucherie\/","og_site_name":"CLASSE BOX Caucherie","article_modified_time":"2026-02-12T16:47:06+00:00","og_image":[{"width":800,"height":800,"url":"https:\/\/www.classebox.com\/caucherie\/wp-content\/uploads\/2024\/09\/Box_de_25_m3.png","type":"image\/png"}],"twitter_card":"summary_large_image","twitter_misc":{"Dur\u00e9e de lecture estim\u00e9e":"2 minutes"},"schema":{"@context":"https:\/\/schema.org","@graph":[{"@type":"WebPage","@id":"https:\/\/www.classebox.com\/caucherie\/produit\/box-de-25m3-rdc-saint-martin-boulogne-la-caucherie\/","url":"https:\/\/www.classebox.com\/caucherie\/produit\/box-de-25m3-rdc-saint-martin-boulogne-la-caucherie\/","name":"Box de 25m3 (10m2) - CLASSE BOX Caucherie","isPartOf":{"@id":"https:\/\/www.classebox.com\/caucherie\/#website"},"primaryImageOfPage":{"@id":"https:\/\/www.classebox.com\/caucherie\/produit\/box-de-25m3-rdc-saint-martin-boulogne-la-caucherie\/#primaryimage"},"image":{"@id":"https:\/\/www.classebox.com\/caucherie\/produit\/box-de-25m3-rdc-saint-martin-boulogne-la-caucherie\/#primaryimage"},"thumbnailUrl":"https:\/\/www.classebox.com\/caucherie\/wp-content\/uploads\/2024\/09\/Box_de_25_m3.png","datePublished":"2026-02-10T11:01:28+00:00","dateModified":"2026-02-12T16:47:06+00:00","breadcrumb":{"@id":"https:\/\/www.classebox.com\/caucherie\/produit\/box-de-25m3-rdc-saint-martin-boulogne-la-caucherie\/#breadcrumb"},"inLanguage":"fr-FR","potentialAction":[{"@type":"ReadAction","target":["https:\/\/www.classebox.com\/caucherie\/produit\/box-de-25m3-rdc-saint-martin-boulogne-la-caucherie\/"]}]},{"@type":"ImageObject","inLanguage":"fr-FR","@id":"https:\/\/www.classebox.com\/caucherie\/produit\/box-de-25m3-rdc-saint-martin-boulogne-la-caucherie\/#primaryimage","url":"https:\/\/www.classebox.com\/caucherie\/wp-content\/uploads\/2024\/09\/Box_de_25_m3.png","contentUrl":"https:\/\/www.classebox.com\/caucherie\/wp-content\/uploads\/2024\/09\/Box_de_25_m3.png","width":800,"height":800},{"@type":"BreadcrumbList","@id":"https:\/\/www.classebox.com\/caucherie\/produit\/box-de-25m3-rdc-saint-martin-boulogne-la-caucherie\/#breadcrumb","itemListElement":[{"@type":"ListItem","position":1,"name":"Accueil","item":"https:\/\/www.classebox.com\/caucherie\/"},{"@type":"ListItem","position":2,"name":"Centres de stockage","item":"https:\/\/www.classebox.com\/caucherie\/centres-de-stockage\/"},{"@type":"ListItem","position":3,"name":"Box de 25m3 (10m2)"}]},{"@type":"WebSite","@id":"https:\/\/www.classebox.com\/caucherie\/#website","url":"https:\/\/www.classebox.com\/caucherie\/","name":"CLASSE BOX Caucherie","description":"","publisher":{"@id":"https:\/\/www.classebox.com\/caucherie\/#organization"},"potentialAction":[{"@type":"SearchAction","target":{"@type":"EntryPoint","urlTemplate":"https:\/\/www.classebox.com\/caucherie\/?s={search_term_string}"},"query-input":{"@type":"PropertyValueSpecification","valueRequired":true,"valueName":"search_term_string"}}],"inLanguage":"fr-FR"},{"@type":"Organization","@id":"https:\/\/www.classebox.com\/caucherie\/#organization","name":"CLASSE BOX Caucherie","url":"https:\/\/www.classebox.com\/caucherie\/","logo":{"@type":"ImageObject","inLanguage":"fr-FR","@id":"https:\/\/www.classebox.com\/caucherie\/#\/schema\/logo\/image\/","url":"https:\/\/www.classebox.com\/caucherie\/wp-content\/uploads\/2025\/11\/logo-classe-box.png","contentUrl":"https:\/\/www.classebox.com\/caucherie\/wp-content\/uploads\/2025\/11\/logo-classe-box.png","width":400,"height":217,"caption":"CLASSE BOX Caucherie"},"image":{"@id":"https:\/\/www.classebox.com\/caucherie\/#\/schema\/logo\/image\/"}}]}},"lang":"fr","translations":{"fr":2926,"en":2927},"taxonomy_info":{"product_cat":[{"value":166,"label":"Box de 8 \u00e0 12 m\u00b2"},{"value":36,"label":"Saint-Martin-Boulogne La Caucherie"}],"product_tag":[{"value":42,"label":"FRA"},{"value":307,"label":"RDC"}]},"featured_image_src_large":["https:\/\/www.classebox.com\/caucherie\/wp-content\/uploads\/2024\/09\/Box_de_25_m3.png",800,800,false],"author_info":[],"comment_info":0,"pll_sync_post":[],"_links":{"self":[{"href":"https:\/\/www.classebox.com\/caucherie\/wp-json\/wp\/v2\/product\/2926","targetHints":{"allow":["GET"]}}],"collection":[{"href":"https:\/\/www.classebox.com\/caucherie\/wp-json\/wp\/v2\/product"}],"about":[{"href":"https:\/\/www.classebox.com\/caucherie\/wp-json\/wp\/v2\/types\/product"}],"replies":[{"embeddable":true,"href":"https:\/\/www.classebox.com\/caucherie\/wp-json\/wp\/v2\/comments?post=2926"}],"wp:featuredmedia":[{"embeddable":true,"href":"https:\/\/www.classebox.com\/caucherie\/wp-json\/wp\/v2\/media\/858"}],"wp:attachment":[{"href":"https:\/\/www.classebox.com\/caucherie\/wp-json\/wp\/v2\/media?parent=2926"}],"wp:term":[{"taxonomy":"product_brand","embeddable":true,"href":"https:\/\/www.classebox.com\/caucherie\/wp-json\/wp\/v2\/product_brand?post=2926"},{"taxonomy":"product_cat","embeddable":true,"href":"https:\/\/www.classebox.com\/caucherie\/wp-json\/wp\/v2\/product_cat?post=2926"},{"taxonomy":"product_tag","embeddable":true,"href":"https:\/\/www.classebox.com\/caucherie\/wp-json\/wp\/v2\/product_tag?post=2926"}],"curies":[{"name":"wp","href":"https:\/\/api.w.org\/{rel}","templated":true}]}}