{"id":1201,"date":"2024-09-11T15:11:25","date_gmt":"2024-09-11T13:11:25","guid":{"rendered":"https:\/\/www.classebox.com\/caucherie\/?post_type=product&#038;p=1201"},"modified":"2025-09-17T16:25:23","modified_gmt":"2025-09-17T14:25:23","slug":"box-de-plus-de-75-m3-saint-martin-boulogne-la-caucherie","status":"publish","type":"product","link":"https:\/\/www.classebox.com\/caucherie\/produit\/box-de-plus-de-75-m3-saint-martin-boulogne-la-caucherie\/","title":{"rendered":"Box de plus de 75m3 (30m2 et plus)"},"content":{"rendered":"<table style=\"max-width: 250px; border-collapse: collapse; margin-top: 20px;\">\n<tbody>\n<tr valign=\"middle\">\n<td style=\"padding: 0px; vertical-align: middle;\"><img loading=\"lazy\" decoding=\"async\" src=\"https:\/\/www.classebox.com\/wp-content\/uploads\/2023\/03\/icon-volume.png\" alt=\"Volume\" width=\"60\" height=\"60\" \/><\/td>\n<td style=\"padding: 0px; vertical-align: middle;\">Volume :<strong> &gt; 75 m\u00b3<\/strong><\/td>\n<\/tr>\n<tr valign=\"middle\">\n<td style=\"padding: 0px; vertical-align: middle;\"><img loading=\"lazy\" decoding=\"async\" src=\"https:\/\/www.classebox.com\/wp-content\/uploads\/2023\/03\/icon-surface.png\" alt=\"Surface\" width=\"60\" height=\"60\" \/><\/td>\n<td style=\"padding: 0px; vertical-align: middle;\">Surface :<strong> &gt; 30 m\u00b2<\/strong><\/td>\n<\/tr>\n<tr valign=\"middle\">\n<td style=\"padding: 0px; vertical-align: middle;\"><img loading=\"lazy\" decoding=\"async\" src=\"https:\/\/www.classebox.com\/wp-content\/uploads\/2023\/03\/icon_hauteur.png\" alt=\"hauteur\" width=\"60\" height=\"60\" \/><\/td>\n<td style=\"padding: 0px; vertical-align: middle;\">Hauteur : <strong>2.50 m<\/strong><\/td>\n<\/tr>\n<\/tbody>\n<\/table>\n<p>Pour l\u2019entreposage par exemple des objets personnels, des v\u00eatements, des bo\u00eetes, des skis, des jouets pour enfants, des petits meubles, des documents professionnels et des mat\u00e9riaux divers.<\/p>\n<h2>Un doute sur la taille du box qu\u2019il vous faut ?<\/h2>\n<p><a class=\"buttonperso\" style=\"text-decoration: none!important;\" href=\"https:\/\/www.classebox.com\/box\/calculateur-de-volume\/\">Calculateur de volume<\/a> <a class=\"buttonperso\" style=\"text-decoration: none!important;\" href=\"https:\/\/www.classebox.com\/rendez-vous\/#Saint-Martin-Boulogne-La-Caucherie\">Rendez-vous pour visiter<\/a> <a class=\"buttonperso\" style=\"text-decoration: none!important;\" href=\"https:\/\/www.classebox.com\/contact\/\">Nous contacter<\/a><\/p>\n<h2>Comment venir \u00e0 Saint-Martin-Boulogne &#8211; La Caucherie ?<\/h2>\n<p><a class=\"buttonperso\" style=\"text-decoration: none!important;\" href=\"https:\/\/goo.gl\/maps\/gCXAV17CTEHpRfDN6\" target=\"_blank\" rel=\"noopener\">Itin\u00e9raire vers La Caucherie<\/a><\/p>\n<div style=\"display: none;\">1er \u00e9tage (n\u00b0CA133)<\/div>\n","protected":false},"excerpt":{"rendered":"<p>Volume : &gt; 75 m\u00b3 Surface : &gt; 30 m\u00b2 Hauteur : 2.50 m Pour l\u2019entreposage par exemple des objets personnels, des v\u00eatements, des bo\u00eetes, des skis, des jouets pour enfants, des petits meubles, des documents professionnels et des mat\u00e9riaux divers. Un doute sur la taille du box qu\u2019il vous faut ? Calculateur de volume&#8230;<\/p>\n","protected":false},"featured_media":1270,"comment_status":"open","ping_status":"closed","template":"","meta":{"_kad_blocks_custom_css":"","_kad_blocks_head_custom_js":"","_kad_blocks_body_custom_js":"","_kad_blocks_footer_custom_js":"","_kad_post_transparent":"default","_kad_post_title":"","_kad_post_layout":"default","_kad_post_sidebar_id":"","_kad_post_content_style":"default","_kad_post_vertical_padding":"default","_kad_post_feature":"","_kad_post_feature_position":"","_kad_post_header":false,"_kad_post_footer":false,"_kad_post_classname":""},"product_brand":[],"product_cat":[170,36],"product_tag":[42],"class_list":{"0":"post-1201","1":"product","2":"type-product","3":"status-publish","4":"has-post-thumbnail","6":"product_cat-caucherie-taille-xl","7":"product_cat-saint-martin-boulogne-la-caucherie","8":"product_tag-fra","10":"first","11":"onbackorder","12":"sold-individually","13":"taxable","14":"shipping-taxable","15":"purchasable","16":"product-type-variable-subscription","17":"has-default-attributes","18":"entry","19":"content-bg","20":"loop-entry"},"yoast_head":"<!-- This site is optimized with the Yoast SEO plugin v27.0 - https:\/\/yoast.com\/product\/yoast-seo-wordpress\/ -->\n<title>Box de plus de 75m3 (30m2 et plus) - CLASSE BOX Caucherie<\/title>\n<meta name=\"robots\" content=\"index, follow, max-snippet:-1, max-image-preview:large, max-video-preview:-1\" \/>\n<link rel=\"canonical\" href=\"https:\/\/www.classebox.com\/caucherie\/produit\/box-de-plus-de-75-m3-saint-martin-boulogne-la-caucherie\/\" \/>\n<meta property=\"og:locale\" content=\"fr_FR\" \/>\n<meta property=\"og:type\" content=\"article\" \/>\n<meta property=\"og:title\" content=\"Box de plus de 75m3 (30m2 et plus) - CLASSE BOX Caucherie\" \/>\n<meta property=\"og:description\" content=\"Volume : &gt; 75 m\u00b3 Surface : &gt; 30 m\u00b2 Hauteur : 2.50 m Pour l\u2019entreposage par exemple des objets personnels, des v\u00eatements, des bo\u00eetes, des skis, des jouets pour enfants, des petits meubles, des documents professionnels et des mat\u00e9riaux divers. Un doute sur la taille du box qu\u2019il vous faut ? Calculateur de volume...\" \/>\n<meta property=\"og:url\" content=\"https:\/\/www.classebox.com\/caucherie\/produit\/box-de-plus-de-75-m3-saint-martin-boulogne-la-caucherie\/\" \/>\n<meta property=\"og:site_name\" content=\"CLASSE BOX Caucherie\" \/>\n<meta property=\"article:modified_time\" content=\"2025-09-17T14:25:23+00:00\" \/>\n<meta property=\"og:image\" content=\"https:\/\/www.classebox.com\/caucherie\/wp-content\/uploads\/2024\/09\/Box_de_75m3.png\" \/>\n\t<meta property=\"og:image:width\" content=\"800\" \/>\n\t<meta property=\"og:image:height\" content=\"800\" \/>\n\t<meta property=\"og:image:type\" content=\"image\/png\" \/>\n<meta name=\"twitter:card\" content=\"summary_large_image\" \/>\n<meta name=\"twitter:label1\" content=\"Dur\u00e9e de lecture estim\u00e9e\" \/>\n\t<meta name=\"twitter:data1\" content=\"2 minutes\" \/>\n<!-- \/ Yoast SEO plugin. -->","yoast_head_json":{"title":"Box de plus de 75m3 (30m2 et plus) - CLASSE BOX Caucherie","robots":{"index":"index","follow":"follow","max-snippet":"max-snippet:-1","max-image-preview":"max-image-preview:large","max-video-preview":"max-video-preview:-1"},"canonical":"https:\/\/www.classebox.com\/caucherie\/produit\/box-de-plus-de-75-m3-saint-martin-boulogne-la-caucherie\/","og_locale":"fr_FR","og_type":"article","og_title":"Box de plus de 75m3 (30m2 et plus) - CLASSE BOX Caucherie","og_description":"Volume : &gt; 75 m\u00b3 Surface : &gt; 30 m\u00b2 Hauteur : 2.50 m Pour l\u2019entreposage par exemple des objets personnels, des v\u00eatements, des bo\u00eetes, des skis, des jouets pour enfants, des petits meubles, des documents professionnels et des mat\u00e9riaux divers. Un doute sur la taille du box qu\u2019il vous faut ? Calculateur de volume...","og_url":"https:\/\/www.classebox.com\/caucherie\/produit\/box-de-plus-de-75-m3-saint-martin-boulogne-la-caucherie\/","og_site_name":"CLASSE BOX Caucherie","article_modified_time":"2025-09-17T14:25:23+00:00","og_image":[{"width":800,"height":800,"url":"https:\/\/www.classebox.com\/caucherie\/wp-content\/uploads\/2024\/09\/Box_de_75m3.png","type":"image\/png"}],"twitter_card":"summary_large_image","twitter_misc":{"Dur\u00e9e de lecture estim\u00e9e":"2 minutes"},"schema":{"@context":"https:\/\/schema.org","@graph":[{"@type":"WebPage","@id":"https:\/\/www.classebox.com\/caucherie\/produit\/box-de-plus-de-75-m3-saint-martin-boulogne-la-caucherie\/","url":"https:\/\/www.classebox.com\/caucherie\/produit\/box-de-plus-de-75-m3-saint-martin-boulogne-la-caucherie\/","name":"Box de plus de 75m3 (30m2 et plus) - CLASSE BOX Caucherie","isPartOf":{"@id":"https:\/\/www.classebox.com\/caucherie\/#website"},"primaryImageOfPage":{"@id":"https:\/\/www.classebox.com\/caucherie\/produit\/box-de-plus-de-75-m3-saint-martin-boulogne-la-caucherie\/#primaryimage"},"image":{"@id":"https:\/\/www.classebox.com\/caucherie\/produit\/box-de-plus-de-75-m3-saint-martin-boulogne-la-caucherie\/#primaryimage"},"thumbnailUrl":"https:\/\/www.classebox.com\/caucherie\/wp-content\/uploads\/2024\/09\/Box_de_75m3.png","datePublished":"2024-09-11T13:11:25+00:00","dateModified":"2025-09-17T14:25:23+00:00","breadcrumb":{"@id":"https:\/\/www.classebox.com\/caucherie\/produit\/box-de-plus-de-75-m3-saint-martin-boulogne-la-caucherie\/#breadcrumb"},"inLanguage":"fr-FR","potentialAction":[{"@type":"ReadAction","target":["https:\/\/www.classebox.com\/caucherie\/produit\/box-de-plus-de-75-m3-saint-martin-boulogne-la-caucherie\/"]}]},{"@type":"ImageObject","inLanguage":"fr-FR","@id":"https:\/\/www.classebox.com\/caucherie\/produit\/box-de-plus-de-75-m3-saint-martin-boulogne-la-caucherie\/#primaryimage","url":"https:\/\/www.classebox.com\/caucherie\/wp-content\/uploads\/2024\/09\/Box_de_75m3.png","contentUrl":"https:\/\/www.classebox.com\/caucherie\/wp-content\/uploads\/2024\/09\/Box_de_75m3.png","width":800,"height":800},{"@type":"BreadcrumbList","@id":"https:\/\/www.classebox.com\/caucherie\/produit\/box-de-plus-de-75-m3-saint-martin-boulogne-la-caucherie\/#breadcrumb","itemListElement":[{"@type":"ListItem","position":1,"name":"Accueil","item":"https:\/\/www.classebox.com\/caucherie\/"},{"@type":"ListItem","position":2,"name":"Centres de stockage","item":"https:\/\/www.classebox.com\/caucherie\/centres-de-stockage\/"},{"@type":"ListItem","position":3,"name":"Box de plus de 75m3 (30m2 et plus)"}]},{"@type":"WebSite","@id":"https:\/\/www.classebox.com\/caucherie\/#website","url":"https:\/\/www.classebox.com\/caucherie\/","name":"CLASSE BOX Caucherie","description":"","publisher":{"@id":"https:\/\/www.classebox.com\/caucherie\/#organization"},"potentialAction":[{"@type":"SearchAction","target":{"@type":"EntryPoint","urlTemplate":"https:\/\/www.classebox.com\/caucherie\/?s={search_term_string}"},"query-input":{"@type":"PropertyValueSpecification","valueRequired":true,"valueName":"search_term_string"}}],"inLanguage":"fr-FR"},{"@type":"Organization","@id":"https:\/\/www.classebox.com\/caucherie\/#organization","name":"CLASSE BOX Caucherie","url":"https:\/\/www.classebox.com\/caucherie\/","logo":{"@type":"ImageObject","inLanguage":"fr-FR","@id":"https:\/\/www.classebox.com\/caucherie\/#\/schema\/logo\/image\/","url":"https:\/\/www.classebox.com\/caucherie\/wp-content\/uploads\/2025\/11\/logo-classe-box.png","contentUrl":"https:\/\/www.classebox.com\/caucherie\/wp-content\/uploads\/2025\/11\/logo-classe-box.png","width":400,"height":217,"caption":"CLASSE BOX Caucherie"},"image":{"@id":"https:\/\/www.classebox.com\/caucherie\/#\/schema\/logo\/image\/"}}]}},"lang":"fr","translations":{"fr":1201,"en":1202},"taxonomy_info":{"product_cat":[{"value":170,"label":"Box de plus de 12 m\u00b2"},{"value":36,"label":"Saint-Martin-Boulogne La Caucherie"}],"product_tag":[{"value":42,"label":"FRA"}]},"featured_image_src_large":["https:\/\/www.classebox.com\/caucherie\/wp-content\/uploads\/2024\/09\/Box_de_75m3.png",800,800,false],"author_info":[],"comment_info":0,"pll_sync_post":[],"_links":{"self":[{"href":"https:\/\/www.classebox.com\/caucherie\/wp-json\/wp\/v2\/product\/1201","targetHints":{"allow":["GET"]}}],"collection":[{"href":"https:\/\/www.classebox.com\/caucherie\/wp-json\/wp\/v2\/product"}],"about":[{"href":"https:\/\/www.classebox.com\/caucherie\/wp-json\/wp\/v2\/types\/product"}],"replies":[{"embeddable":true,"href":"https:\/\/www.classebox.com\/caucherie\/wp-json\/wp\/v2\/comments?post=1201"}],"wp:featuredmedia":[{"embeddable":true,"href":"https:\/\/www.classebox.com\/caucherie\/wp-json\/wp\/v2\/media\/1270"}],"wp:attachment":[{"href":"https:\/\/www.classebox.com\/caucherie\/wp-json\/wp\/v2\/media?parent=1201"}],"wp:term":[{"taxonomy":"product_brand","embeddable":true,"href":"https:\/\/www.classebox.com\/caucherie\/wp-json\/wp\/v2\/product_brand?post=1201"},{"taxonomy":"product_cat","embeddable":true,"href":"https:\/\/www.classebox.com\/caucherie\/wp-json\/wp\/v2\/product_cat?post=1201"},{"taxonomy":"product_tag","embeddable":true,"href":"https:\/\/www.classebox.com\/caucherie\/wp-json\/wp\/v2\/product_tag?post=1201"}],"curies":[{"name":"wp","href":"https:\/\/api.w.org\/{rel}","templated":true}]}}