{"id":8421,"date":"2026-02-16T12:39:24","date_gmt":"2026-02-16T11:39:24","guid":{"rendered":"https:\/\/www.classebox.com\/calais-villars\/?post_type=product&#038;p=8421"},"modified":"2026-04-01T19:04:24","modified_gmt":"2026-04-01T17:04:24","slug":"box-de-51m3-calais","status":"publish","type":"product","link":"https:\/\/www.classebox.com\/calais-villars\/produit\/box-de-51m3-calais\/","title":{"rendered":"Box de 51m3 (20,5m2)"},"content":{"rendered":"<table style=\"max-width: 350px; border-collapse: collapse; margin-top: 20px;\">\n<tbody>\n<tr valign=\"middle\">\n<td style=\"padding: 0px; vertical-align: middle;\"><img loading=\"lazy\" decoding=\"async\" src=\"https:\/\/www.classebox.com\/wp-content\/uploads\/2023\/03\/icon-volume.png\" alt=\"Volume\" width=\"60\" height=\"60\" \/><\/td>\n<td style=\"padding: 0px; vertical-align: middle;\">Volume :<strong> 51 m\u00b3<\/strong><\/td>\n<\/tr>\n<tr valign=\"middle\">\n<td style=\"padding: 0px; vertical-align: middle;\"><img loading=\"lazy\" decoding=\"async\" src=\"https:\/\/www.classebox.com\/wp-content\/uploads\/2023\/03\/icon-surface.png\" alt=\"Surface\" width=\"60\" height=\"60\" \/><\/td>\n<td style=\"padding: 0px; vertical-align: middle;\">Surface :<strong> 20,5 m\u00b2<\/strong><\/td>\n<\/tr>\n<tr valign=\"middle\">\n<td style=\"padding: 0px; vertical-align: middle;\"><img loading=\"lazy\" decoding=\"async\" src=\"https:\/\/www.classebox.com\/wp-content\/uploads\/2023\/03\/icon_hauteur.png\" alt=\"hauteur\" width=\"60\" height=\"60\" \/><\/td>\n<td style=\"padding: 0px; vertical-align: middle;\">Hauteur : <strong>2.50 m<\/strong><\/td>\n<\/tr>\n<tr valign=\"middle\">\n<td style=\"padding: 0px; vertical-align: middle;\"><img loading=\"lazy\" decoding=\"async\" src=\"https:\/\/www.classebox.com\/wp-content\/uploads\/2024\/05\/icon_maison.png\" alt=\"Habitation\" width=\"60\" height=\"60\" \/><\/td>\n<td style=\"padding: 0px; vertical-align: middle;\">Habitation \u2248 <strong>140 \u00e0 205 m2<\/strong><\/td>\n<\/tr>\n<\/tbody>\n<\/table>\n<p>Pour l\u2019entreposage par exemple des objets personnels, des v\u00eatements, des bo\u00eetes, des skis, des jouets pour enfants, des petits meubles, des documents professionnels et des mat\u00e9riaux divers.<\/p>\n<h2>Un doute sur la taille du box qu\u2019il vous faut ?<\/h2>\n<p><a class=\"buttonperso\" style=\"text-decoration: none!important;\" href=\"https:\/\/www.classebox.com\/box\/calculateur-de-volume\/\">Calculateur de volume<\/a> <a class=\"buttonperso\" style=\"text-decoration: none!important;\" href=\"https:\/\/www.classebox.com\/rendez-vous\/#Calais\">Rendez-vous pour visiter<\/a> <a class=\"buttonperso\" style=\"text-decoration: none!important;\" href=\"https:\/\/www.classebox.com\/contact\/\">Nous contacter<\/a><\/p>\n<h2>Comment venir \u00e0 Calais ?<\/h2>\n<p><a class=\"buttonperso\" style=\"text-decoration: none!important;\" href=\"https:\/\/goo.gl\/maps\/NeJWR3c8DaiD83oA6\" target=\"_blank\" rel=\"noopener\">Itin\u00e9raire vers Calais<\/a><\/p>\n<div style=\"display: none;\">Calais num\u00e9ros<\/div>\n","protected":false},"excerpt":{"rendered":"<p>Volume : 51 m\u00b3 Surface : 20,5 m\u00b2 Hauteur : 2.50 m Habitation \u2248 140 \u00e0 205 m2 Pour l\u2019entreposage par exemple des objets personnels, des v\u00eatements, des bo\u00eetes, des skis, des jouets pour enfants, des petits meubles, des documents professionnels et des mat\u00e9riaux divers. Un doute sur la taille du box qu\u2019il vous faut&#8230;<\/p>\n","protected":false},"featured_media":8490,"comment_status":"open","ping_status":"closed","template":"","meta":{"_kad_blocks_custom_css":"","_kad_blocks_head_custom_js":"","_kad_blocks_body_custom_js":"","_kad_blocks_footer_custom_js":"","_kad_post_transparent":"default","_kad_post_title":"","_kad_post_layout":"default","_kad_post_sidebar_id":"","_kad_post_content_style":"default","_kad_post_vertical_padding":"default","_kad_post_feature":"","_kad_post_feature_position":"","_kad_post_header":false,"_kad_post_footer":false,"_kad_post_classname":""},"product_brand":[],"product_cat":[162,152],"product_tag":[156,625],"class_list":{"0":"post-8421","1":"product","2":"type-product","3":"status-publish","4":"has-post-thumbnail","6":"product_cat-calais-taille-xl","7":"product_cat-calais","8":"product_tag-fra","9":"product_tag-rdc","11":"first","12":"onbackorder","13":"sold-individually","14":"taxable","15":"shipping-taxable","16":"purchasable","17":"product-type-variable-subscription","18":"has-default-attributes","19":"entry","20":"content-bg","21":"loop-entry"},"yoast_head":"<!-- This site is optimized with the Yoast SEO plugin v27.0 - https:\/\/yoast.com\/product\/yoast-seo-wordpress\/ -->\n<title>Box de 51m3 (20,5m2) - CLASSE BOX Calais<\/title>\n<meta name=\"robots\" content=\"index, follow, max-snippet:-1, max-image-preview:large, max-video-preview:-1\" \/>\n<link rel=\"canonical\" href=\"https:\/\/www.classebox.com\/calais-villars\/produit\/box-de-51m3-calais\/\" \/>\n<meta property=\"og:locale\" content=\"fr_FR\" \/>\n<meta property=\"og:type\" content=\"article\" \/>\n<meta property=\"og:title\" content=\"Box de 51m3 (20,5m2) - CLASSE BOX Calais\" \/>\n<meta property=\"og:description\" content=\"Volume : 51 m\u00b3 Surface : 20,5 m\u00b2 Hauteur : 2.50 m Habitation \u2248 140 \u00e0 205 m2 Pour l\u2019entreposage par exemple des objets personnels, des v\u00eatements, des bo\u00eetes, des skis, des jouets pour enfants, des petits meubles, des documents professionnels et des mat\u00e9riaux divers. Un doute sur la taille du box qu\u2019il vous faut...\" \/>\n<meta property=\"og:url\" content=\"https:\/\/www.classebox.com\/calais-villars\/produit\/box-de-51m3-calais\/\" \/>\n<meta property=\"og:site_name\" content=\"CLASSE BOX Calais\" \/>\n<meta property=\"article:publisher\" content=\"https:\/\/www.facebook.com\/ClasseBox.Boulogne\" \/>\n<meta property=\"article:modified_time\" content=\"2026-04-01T17:04:24+00:00\" \/>\n<meta property=\"og:image\" content=\"https:\/\/www.classebox.com\/calais-villars\/wp-content\/uploads\/2026\/02\/box-51m3.png\" \/>\n\t<meta property=\"og:image:width\" content=\"800\" \/>\n\t<meta property=\"og:image:height\" content=\"800\" \/>\n\t<meta property=\"og:image:type\" content=\"image\/png\" \/>\n<meta name=\"twitter:card\" content=\"summary_large_image\" \/>\n<meta name=\"twitter:label1\" content=\"Dur\u00e9e de lecture estim\u00e9e\" \/>\n\t<meta name=\"twitter:data1\" content=\"2 minutes\" \/>\n<!-- \/ Yoast SEO plugin. -->","yoast_head_json":{"title":"Box de 51m3 (20,5m2) - CLASSE BOX Calais","robots":{"index":"index","follow":"follow","max-snippet":"max-snippet:-1","max-image-preview":"max-image-preview:large","max-video-preview":"max-video-preview:-1"},"canonical":"https:\/\/www.classebox.com\/calais-villars\/produit\/box-de-51m3-calais\/","og_locale":"fr_FR","og_type":"article","og_title":"Box de 51m3 (20,5m2) - CLASSE BOX Calais","og_description":"Volume : 51 m\u00b3 Surface : 20,5 m\u00b2 Hauteur : 2.50 m Habitation \u2248 140 \u00e0 205 m2 Pour l\u2019entreposage par exemple des objets personnels, des v\u00eatements, des bo\u00eetes, des skis, des jouets pour enfants, des petits meubles, des documents professionnels et des mat\u00e9riaux divers. Un doute sur la taille du box qu\u2019il vous faut...","og_url":"https:\/\/www.classebox.com\/calais-villars\/produit\/box-de-51m3-calais\/","og_site_name":"CLASSE BOX Calais","article_publisher":"https:\/\/www.facebook.com\/ClasseBox.Boulogne","article_modified_time":"2026-04-01T17:04:24+00:00","og_image":[{"width":800,"height":800,"url":"https:\/\/www.classebox.com\/calais-villars\/wp-content\/uploads\/2026\/02\/box-51m3.png","type":"image\/png"}],"twitter_card":"summary_large_image","twitter_misc":{"Dur\u00e9e de lecture estim\u00e9e":"2 minutes"},"schema":{"@context":"https:\/\/schema.org","@graph":[{"@type":"WebPage","@id":"https:\/\/www.classebox.com\/calais-villars\/produit\/box-de-51m3-calais\/","url":"https:\/\/www.classebox.com\/calais-villars\/produit\/box-de-51m3-calais\/","name":"Box de 51m3 (20,5m2) - CLASSE BOX Calais","isPartOf":{"@id":"https:\/\/www.classebox.com\/calais-villars\/#website"},"primaryImageOfPage":{"@id":"https:\/\/www.classebox.com\/calais-villars\/produit\/box-de-51m3-calais\/#primaryimage"},"image":{"@id":"https:\/\/www.classebox.com\/calais-villars\/produit\/box-de-51m3-calais\/#primaryimage"},"thumbnailUrl":"https:\/\/www.classebox.com\/calais-villars\/wp-content\/uploads\/2026\/02\/box-51m3.png","datePublished":"2026-02-16T11:39:24+00:00","dateModified":"2026-04-01T17:04:24+00:00","breadcrumb":{"@id":"https:\/\/www.classebox.com\/calais-villars\/produit\/box-de-51m3-calais\/#breadcrumb"},"inLanguage":"fr-FR","potentialAction":[{"@type":"ReadAction","target":["https:\/\/www.classebox.com\/calais-villars\/produit\/box-de-51m3-calais\/"]}]},{"@type":"ImageObject","inLanguage":"fr-FR","@id":"https:\/\/www.classebox.com\/calais-villars\/produit\/box-de-51m3-calais\/#primaryimage","url":"https:\/\/www.classebox.com\/calais-villars\/wp-content\/uploads\/2026\/02\/box-51m3.png","contentUrl":"https:\/\/www.classebox.com\/calais-villars\/wp-content\/uploads\/2026\/02\/box-51m3.png","width":800,"height":800},{"@type":"BreadcrumbList","@id":"https:\/\/www.classebox.com\/calais-villars\/produit\/box-de-51m3-calais\/#breadcrumb","itemListElement":[{"@type":"ListItem","position":1,"name":"Accueil","item":"https:\/\/www.classebox.com\/calais-villars\/"},{"@type":"ListItem","position":2,"name":"Centres de stockage","item":"https:\/\/www.classebox.com\/calais-villars\/centres-de-stockage\/"},{"@type":"ListItem","position":3,"name":"Box de 51m3 (20,5m2)"}]},{"@type":"WebSite","@id":"https:\/\/www.classebox.com\/calais-villars\/#website","url":"https:\/\/www.classebox.com\/calais-villars\/","name":"CLASSE BOX Calais","description":"","publisher":{"@id":"https:\/\/www.classebox.com\/calais-villars\/#organization"},"potentialAction":[{"@type":"SearchAction","target":{"@type":"EntryPoint","urlTemplate":"https:\/\/www.classebox.com\/calais-villars\/?s={search_term_string}"},"query-input":{"@type":"PropertyValueSpecification","valueRequired":true,"valueName":"search_term_string"}}],"inLanguage":"fr-FR"},{"@type":"Organization","@id":"https:\/\/www.classebox.com\/calais-villars\/#organization","name":"CLASSE BOX Calais","url":"https:\/\/www.classebox.com\/calais-villars\/","logo":{"@type":"ImageObject","inLanguage":"fr-FR","@id":"https:\/\/www.classebox.com\/calais-villars\/#\/schema\/logo\/image\/","url":"https:\/\/www.classebox.com\/calais-villars\/wp-content\/uploads\/2025\/11\/logo-classe-box.png","contentUrl":"https:\/\/www.classebox.com\/calais-villars\/wp-content\/uploads\/2025\/11\/logo-classe-box.png","width":400,"height":217,"caption":"CLASSE BOX Calais"},"image":{"@id":"https:\/\/www.classebox.com\/calais-villars\/#\/schema\/logo\/image\/"},"sameAs":["https:\/\/www.facebook.com\/ClasseBox.Boulogne","https:\/\/www.instagram.com\/classe_box\/","https:\/\/www.linkedin.com\/company\/classebox\/"]}]}},"lang":"fr","translations":{"fr":8421,"en":8422},"taxonomy_info":{"product_cat":[{"value":162,"label":"Box de plus de 12 m\u00b2"},{"value":152,"label":"Calais"}],"product_tag":[{"value":156,"label":"FRA"},{"value":625,"label":"RDC"}]},"featured_image_src_large":["https:\/\/www.classebox.com\/calais-villars\/wp-content\/uploads\/2026\/02\/box-51m3.png",800,800,false],"author_info":[],"comment_info":0,"pll_sync_post":[],"_links":{"self":[{"href":"https:\/\/www.classebox.com\/calais-villars\/wp-json\/wp\/v2\/product\/8421","targetHints":{"allow":["GET"]}}],"collection":[{"href":"https:\/\/www.classebox.com\/calais-villars\/wp-json\/wp\/v2\/product"}],"about":[{"href":"https:\/\/www.classebox.com\/calais-villars\/wp-json\/wp\/v2\/types\/product"}],"replies":[{"embeddable":true,"href":"https:\/\/www.classebox.com\/calais-villars\/wp-json\/wp\/v2\/comments?post=8421"}],"wp:featuredmedia":[{"embeddable":true,"href":"https:\/\/www.classebox.com\/calais-villars\/wp-json\/wp\/v2\/media\/8490"}],"wp:attachment":[{"href":"https:\/\/www.classebox.com\/calais-villars\/wp-json\/wp\/v2\/media?parent=8421"}],"wp:term":[{"taxonomy":"product_brand","embeddable":true,"href":"https:\/\/www.classebox.com\/calais-villars\/wp-json\/wp\/v2\/product_brand?post=8421"},{"taxonomy":"product_cat","embeddable":true,"href":"https:\/\/www.classebox.com\/calais-villars\/wp-json\/wp\/v2\/product_cat?post=8421"},{"taxonomy":"product_tag","embeddable":true,"href":"https:\/\/www.classebox.com\/calais-villars\/wp-json\/wp\/v2\/product_tag?post=8421"}],"curies":[{"name":"wp","href":"https:\/\/api.w.org\/{rel}","templated":true}]}}