{"id":5290,"date":"2025-11-23T19:54:10","date_gmt":"2025-11-23T18:54:10","guid":{"rendered":"https:\/\/www.classebox.com\/calais-villars\/?post_type=product&#038;p=5290"},"modified":"2026-03-27T11:12:51","modified_gmt":"2026-03-27T10:12:51","slug":"box-de-11m3-mansarde-calais","status":"publish","type":"product","link":"https:\/\/www.classebox.com\/calais-villars\/produit\/box-de-11m3-mansarde-calais\/","title":{"rendered":"Box de 11m3 (5,5m2) (Mansard\u00e9)"},"content":{"rendered":"<p>Box de 10m3 \u00e0 Calais mansard\u00e9<\/p>\n<table style=\"max-width: 350px; border-collapse: collapse; margin-top: 20px;\">\n<tbody>\n<tr valign=\"middle\">\n<td style=\"padding: 0px; vertical-align: middle;\"><img loading=\"lazy\" decoding=\"async\" src=\"https:\/\/www.classebox.com\/wp-content\/uploads\/2023\/03\/icon-volume.png\" alt=\"Volume\" width=\"60\" height=\"60\" \/><\/td>\n<td style=\"padding: 0px; vertical-align: middle;\">Volume :<strong> 11 m\u00b3<\/strong><\/td>\n<\/tr>\n<tr valign=\"middle\">\n<td style=\"padding: 0px; vertical-align: middle;\"><img loading=\"lazy\" decoding=\"async\" src=\"https:\/\/www.classebox.com\/wp-content\/uploads\/2023\/03\/icon-surface.png\" alt=\"Surface\" width=\"60\" height=\"60\" \/><\/td>\n<td style=\"padding: 0px; vertical-align: middle;\">Surface :<strong> 5,5 m\u00b2<\/strong><\/td>\n<\/tr>\n<tr valign=\"middle\">\n<td style=\"padding: 0px; vertical-align: middle;\"><img loading=\"lazy\" decoding=\"async\" src=\"https:\/\/www.classebox.com\/wp-content\/uploads\/2023\/03\/icon_hauteur.png\" alt=\"hauteur\" width=\"60\" height=\"60\" \/><\/td>\n<td style=\"padding-top: 0px; padding-right: 0px; padding-bottom: 0px; vertical-align: middle;\">Hauteur :<br \/>\n<strong>2.50 m max<br \/>\n1.90 m min<\/strong><\/td>\n<\/tr>\n<tr valign=\"middle\">\n<td style=\"padding: 0px; vertical-align: middle;\"><img loading=\"lazy\" decoding=\"async\" src=\"https:\/\/www.classebox.com\/wp-content\/uploads\/2024\/05\/icon_maison.png\" alt=\"Habitation\" width=\"60\" height=\"60\" \/><\/td>\n<td style=\"padding: 0px; vertical-align: middle;\">Habitation \u2248 <strong>30 \u00e0 45 m2<\/strong><\/td>\n<\/tr>\n<\/tbody>\n<\/table>\n<h2>Un doute sur la taille du box qu\u2019il vous faut ?<\/h2>\n<p><a class=\"buttonperso\" style=\"text-decoration: none!important;\" href=\"https:\/\/www.classebox.com\/box\/calculateur-de-volume\/\">Calculateur de volume<\/a> <a class=\"buttonperso\" style=\"text-decoration: none!important;\" href=\"https:\/\/www.classebox.com\/rendez-vous\/#Calais\">Rendez-vous pour visiter<\/a> <a class=\"buttonperso\" style=\"text-decoration: none!important;\" href=\"https:\/\/www.classebox.com\/contact\/\">Nous contacter<\/a><\/p>\n<h2>Comment venir \u00e0 CLASSE BOX Calais ?<\/h2>\n<p><a class=\"buttonperso\" style=\"text-decoration: none!important;\" href=\"https:\/\/goo.gl\/maps\/NeJWR3c8DaiD83oA6\" target=\"_blank\" rel=\"noopener\">Itin\u00e9raire vers Calais<\/a><\/p>\n<div style=\"display: none;\"><\/div>\n","protected":false},"excerpt":{"rendered":"<p>Box de 10m3 \u00e0 Calais mansard\u00e9 Volume : 11 m\u00b3 Surface : 5,5 m\u00b2 Hauteur : 2.50 m max 1.90 m min Habitation \u2248 30 \u00e0 45 m2 Un doute sur la taille du box qu\u2019il vous faut ? Calculateur de volume Rendez-vous pour visiter Nous contacter Comment venir \u00e0 CLASSE BOX Calais ? Itin\u00e9raire&#8230;<\/p>\n","protected":false},"featured_media":7219,"comment_status":"open","ping_status":"closed","template":"","meta":{"_kad_blocks_custom_css":"","_kad_blocks_head_custom_js":"","_kad_blocks_body_custom_js":"","_kad_blocks_footer_custom_js":"","_kad_post_transparent":"default","_kad_post_title":"","_kad_post_layout":"default","_kad_post_sidebar_id":"","_kad_post_content_style":"default","_kad_post_vertical_padding":"default","_kad_post_feature":"","_kad_post_feature_position":"","_kad_post_header":false,"_kad_post_footer":false,"_kad_post_classname":""},"product_brand":[],"product_cat":[158,152],"product_tag":[627,156],"class_list":{"0":"post-5290","1":"product","2":"type-product","3":"status-publish","4":"has-post-thumbnail","6":"product_cat-calais-taille-m","7":"product_cat-calais","8":"product_tag-1er-etage","9":"product_tag-fra","11":"first","12":"instock","13":"sale","14":"sold-individually","15":"taxable","16":"shipping-taxable","17":"purchasable","18":"product-type-variable-subscription","19":"has-default-attributes","20":"entry","21":"content-bg","22":"loop-entry"},"yoast_head":"<!-- This site is optimized with the Yoast SEO plugin v27.0 - https:\/\/yoast.com\/product\/yoast-seo-wordpress\/ -->\n<title>Box 11m3 Calais mansard\u00e9 \u2013 Garde-meubles 5,5m2 \u2013 Stockage<\/title>\n<meta name=\"description\" content=\"Box 11m3 Calais mansarde : garde-meubles de 5,5m2 id\u00e9al pour stocker l\u2019\u00e9quivalent d\u2019un logement de 30 \u00e0 45 m\u00b2. Solution s\u00e9curis\u00e9e, propre \u00e0 Calais\" \/>\n<meta name=\"robots\" content=\"index, follow, max-snippet:-1, max-image-preview:large, max-video-preview:-1\" \/>\n<link rel=\"canonical\" href=\"https:\/\/www.classebox.com\/calais-villars\/produit\/box-de-11m3-mansarde-calais\/\" \/>\n<meta property=\"og:locale\" content=\"fr_FR\" \/>\n<meta property=\"og:type\" content=\"article\" \/>\n<meta property=\"og:title\" content=\"Box 11m3 Calais mansard\u00e9 \u2013 Garde-meubles 5,5m2 \u2013 Stockage\" \/>\n<meta property=\"og:description\" content=\"Box 11m3 Calais mansarde : garde-meubles de 5,5m2 id\u00e9al pour stocker l\u2019\u00e9quivalent d\u2019un logement de 30 \u00e0 45 m\u00b2. Solution s\u00e9curis\u00e9e, propre \u00e0 Calais\" \/>\n<meta property=\"og:url\" content=\"https:\/\/www.classebox.com\/calais-villars\/produit\/box-de-11m3-mansarde-calais\/\" \/>\n<meta property=\"og:site_name\" content=\"CLASSE BOX Calais\" \/>\n<meta property=\"article:publisher\" content=\"https:\/\/www.facebook.com\/ClasseBox.Boulogne\" \/>\n<meta property=\"article:modified_time\" content=\"2026-03-27T10:12:51+00:00\" \/>\n<meta property=\"og:image\" content=\"https:\/\/www.classebox.com\/calais-villars\/wp-content\/uploads\/2025\/11\/Box-11m3-mansarde.png\" \/>\n\t<meta property=\"og:image:width\" content=\"1000\" \/>\n\t<meta property=\"og:image:height\" content=\"1000\" \/>\n\t<meta property=\"og:image:type\" content=\"image\/png\" \/>\n<meta name=\"twitter:card\" content=\"summary_large_image\" \/>\n<meta name=\"twitter:label1\" content=\"Dur\u00e9e de lecture estim\u00e9e\" \/>\n\t<meta name=\"twitter:data1\" content=\"2 minutes\" \/>\n<!-- \/ Yoast SEO plugin. -->","yoast_head_json":{"title":"Box 11m3 Calais mansard\u00e9 \u2013 Garde-meubles 5,5m2 \u2013 Stockage","description":"Box 11m3 Calais mansarde : garde-meubles de 5,5m2 id\u00e9al pour stocker l\u2019\u00e9quivalent d\u2019un logement de 30 \u00e0 45 m\u00b2. Solution s\u00e9curis\u00e9e, propre \u00e0 Calais","robots":{"index":"index","follow":"follow","max-snippet":"max-snippet:-1","max-image-preview":"max-image-preview:large","max-video-preview":"max-video-preview:-1"},"canonical":"https:\/\/www.classebox.com\/calais-villars\/produit\/box-de-11m3-mansarde-calais\/","og_locale":"fr_FR","og_type":"article","og_title":"Box 11m3 Calais mansard\u00e9 \u2013 Garde-meubles 5,5m2 \u2013 Stockage","og_description":"Box 11m3 Calais mansarde : garde-meubles de 5,5m2 id\u00e9al pour stocker l\u2019\u00e9quivalent d\u2019un logement de 30 \u00e0 45 m\u00b2. Solution s\u00e9curis\u00e9e, propre \u00e0 Calais","og_url":"https:\/\/www.classebox.com\/calais-villars\/produit\/box-de-11m3-mansarde-calais\/","og_site_name":"CLASSE BOX Calais","article_publisher":"https:\/\/www.facebook.com\/ClasseBox.Boulogne","article_modified_time":"2026-03-27T10:12:51+00:00","og_image":[{"width":1000,"height":1000,"url":"https:\/\/www.classebox.com\/calais-villars\/wp-content\/uploads\/2025\/11\/Box-11m3-mansarde.png","type":"image\/png"}],"twitter_card":"summary_large_image","twitter_misc":{"Dur\u00e9e de lecture estim\u00e9e":"2 minutes"},"schema":{"@context":"https:\/\/schema.org","@graph":[{"@type":"WebPage","@id":"https:\/\/www.classebox.com\/calais-villars\/produit\/box-de-11m3-mansarde-calais\/","url":"https:\/\/www.classebox.com\/calais-villars\/produit\/box-de-11m3-mansarde-calais\/","name":"Box 11m3 Calais mansard\u00e9 \u2013 Garde-meubles 5,5m2 \u2013 Stockage","isPartOf":{"@id":"https:\/\/www.classebox.com\/calais-villars\/#website"},"primaryImageOfPage":{"@id":"https:\/\/www.classebox.com\/calais-villars\/produit\/box-de-11m3-mansarde-calais\/#primaryimage"},"image":{"@id":"https:\/\/www.classebox.com\/calais-villars\/produit\/box-de-11m3-mansarde-calais\/#primaryimage"},"thumbnailUrl":"https:\/\/www.classebox.com\/calais-villars\/wp-content\/uploads\/2025\/11\/Box-11m3-mansarde.png","datePublished":"2025-11-23T18:54:10+00:00","dateModified":"2026-03-27T10:12:51+00:00","description":"Box 11m3 Calais mansarde : garde-meubles de 5,5m2 id\u00e9al pour stocker l\u2019\u00e9quivalent d\u2019un logement de 30 \u00e0 45 m\u00b2. Solution s\u00e9curis\u00e9e, propre \u00e0 Calais","breadcrumb":{"@id":"https:\/\/www.classebox.com\/calais-villars\/produit\/box-de-11m3-mansarde-calais\/#breadcrumb"},"inLanguage":"fr-FR","potentialAction":[{"@type":"ReadAction","target":["https:\/\/www.classebox.com\/calais-villars\/produit\/box-de-11m3-mansarde-calais\/"]}]},{"@type":"ImageObject","inLanguage":"fr-FR","@id":"https:\/\/www.classebox.com\/calais-villars\/produit\/box-de-11m3-mansarde-calais\/#primaryimage","url":"https:\/\/www.classebox.com\/calais-villars\/wp-content\/uploads\/2025\/11\/Box-11m3-mansarde.png","contentUrl":"https:\/\/www.classebox.com\/calais-villars\/wp-content\/uploads\/2025\/11\/Box-11m3-mansarde.png","width":1000,"height":1000,"caption":"Box 11m3 mansard\u00e9"},{"@type":"BreadcrumbList","@id":"https:\/\/www.classebox.com\/calais-villars\/produit\/box-de-11m3-mansarde-calais\/#breadcrumb","itemListElement":[{"@type":"ListItem","position":1,"name":"Accueil","item":"https:\/\/www.classebox.com\/calais-villars\/"},{"@type":"ListItem","position":2,"name":"Centres de stockage","item":"https:\/\/www.classebox.com\/calais-villars\/centres-de-stockage\/"},{"@type":"ListItem","position":3,"name":"Box de 11m3 (5,5m2) (Mansard\u00e9)"}]},{"@type":"WebSite","@id":"https:\/\/www.classebox.com\/calais-villars\/#website","url":"https:\/\/www.classebox.com\/calais-villars\/","name":"CLASSE BOX Calais","description":"","publisher":{"@id":"https:\/\/www.classebox.com\/calais-villars\/#organization"},"potentialAction":[{"@type":"SearchAction","target":{"@type":"EntryPoint","urlTemplate":"https:\/\/www.classebox.com\/calais-villars\/?s={search_term_string}"},"query-input":{"@type":"PropertyValueSpecification","valueRequired":true,"valueName":"search_term_string"}}],"inLanguage":"fr-FR"},{"@type":"Organization","@id":"https:\/\/www.classebox.com\/calais-villars\/#organization","name":"CLASSE BOX Calais","url":"https:\/\/www.classebox.com\/calais-villars\/","logo":{"@type":"ImageObject","inLanguage":"fr-FR","@id":"https:\/\/www.classebox.com\/calais-villars\/#\/schema\/logo\/image\/","url":"https:\/\/www.classebox.com\/calais-villars\/wp-content\/uploads\/2025\/11\/logo-classe-box.png","contentUrl":"https:\/\/www.classebox.com\/calais-villars\/wp-content\/uploads\/2025\/11\/logo-classe-box.png","width":400,"height":217,"caption":"CLASSE BOX Calais"},"image":{"@id":"https:\/\/www.classebox.com\/calais-villars\/#\/schema\/logo\/image\/"},"sameAs":["https:\/\/www.facebook.com\/ClasseBox.Boulogne","https:\/\/www.instagram.com\/classe_box\/","https:\/\/www.linkedin.com\/company\/classebox\/"]}]}},"lang":"fr","translations":{"fr":5290,"en":5291},"taxonomy_info":{"product_cat":[{"value":158,"label":"Box de 5 \u00e0 8 m\u00b2"},{"value":152,"label":"Calais"}],"product_tag":[{"value":627,"label":"1er \u00e9tage"},{"value":156,"label":"FRA"}]},"featured_image_src_large":["https:\/\/www.classebox.com\/calais-villars\/wp-content\/uploads\/2025\/11\/Box-11m3-mansarde.png",1000,1000,false],"author_info":[],"comment_info":0,"pll_sync_post":[],"_links":{"self":[{"href":"https:\/\/www.classebox.com\/calais-villars\/wp-json\/wp\/v2\/product\/5290","targetHints":{"allow":["GET"]}}],"collection":[{"href":"https:\/\/www.classebox.com\/calais-villars\/wp-json\/wp\/v2\/product"}],"about":[{"href":"https:\/\/www.classebox.com\/calais-villars\/wp-json\/wp\/v2\/types\/product"}],"replies":[{"embeddable":true,"href":"https:\/\/www.classebox.com\/calais-villars\/wp-json\/wp\/v2\/comments?post=5290"}],"wp:featuredmedia":[{"embeddable":true,"href":"https:\/\/www.classebox.com\/calais-villars\/wp-json\/wp\/v2\/media\/7219"}],"wp:attachment":[{"href":"https:\/\/www.classebox.com\/calais-villars\/wp-json\/wp\/v2\/media?parent=5290"}],"wp:term":[{"taxonomy":"product_brand","embeddable":true,"href":"https:\/\/www.classebox.com\/calais-villars\/wp-json\/wp\/v2\/product_brand?post=5290"},{"taxonomy":"product_cat","embeddable":true,"href":"https:\/\/www.classebox.com\/calais-villars\/wp-json\/wp\/v2\/product_cat?post=5290"},{"taxonomy":"product_tag","embeddable":true,"href":"https:\/\/www.classebox.com\/calais-villars\/wp-json\/wp\/v2\/product_tag?post=5290"}],"curies":[{"name":"wp","href":"https:\/\/api.w.org\/{rel}","templated":true}]}}