{"id":3626,"date":"2025-05-14T23:58:30","date_gmt":"2025-05-14T21:58:30","guid":{"rendered":"https:\/\/www.classebox.com\/calais-villars\/?post_type=product&#038;p=3626"},"modified":"2026-03-13T22:02:21","modified_gmt":"2026-03-13T21:02:21","slug":"box-de-23m3-etage-calais","status":"publish","type":"product","link":"https:\/\/www.classebox.com\/calais-villars\/produit\/box-de-23m3-etage-calais\/","title":{"rendered":"Box de 23m3 (9m2)"},"content":{"rendered":"<p>Location box Calais 23m3<\/p>\n<table style=\"max-width: 350px; border-collapse: collapse; margin-top: 20px;\">\n<tbody>\n<tr valign=\"middle\">\n<td style=\"padding: 0px; vertical-align: middle;\"><img loading=\"lazy\" decoding=\"async\" src=\"https:\/\/www.classebox.com\/wp-content\/uploads\/2023\/03\/icon-volume.png\" alt=\"Volume\" width=\"60\" height=\"60\" \/><\/td>\n<td style=\"padding: 0px; vertical-align: middle;\">Volume :<strong> 23 m\u00b3<\/strong><\/td>\n<\/tr>\n<tr valign=\"middle\">\n<td style=\"padding: 0px; vertical-align: middle;\"><img loading=\"lazy\" decoding=\"async\" src=\"https:\/\/www.classebox.com\/wp-content\/uploads\/2023\/03\/icon-surface.png\" alt=\"Surface\" width=\"60\" height=\"60\" \/><\/td>\n<td style=\"padding: 0px; vertical-align: middle;\">Surface :<strong> 9 m\u00b2<\/strong><\/td>\n<\/tr>\n<tr valign=\"middle\">\n<td style=\"padding: 0px; vertical-align: middle;\"><img loading=\"lazy\" decoding=\"async\" src=\"https:\/\/www.classebox.com\/wp-content\/uploads\/2023\/03\/icon_hauteur.png\" alt=\"hauteur\" width=\"60\" height=\"60\" \/><\/td>\n<td style=\"padding: 0px; vertical-align: middle;\">Hauteur : <strong>2.50 m<\/strong><\/td>\n<\/tr>\n<tr valign=\"middle\">\n<td style=\"padding: 0px; vertical-align: middle;\"><img loading=\"lazy\" decoding=\"async\" src=\"https:\/\/www.classebox.com\/wp-content\/uploads\/2024\/05\/icon_maison.png\" alt=\"Habitation\" width=\"60\" height=\"60\" \/><\/td>\n<td style=\"padding: 0px; vertical-align: middle;\">Habitation \u2248 <strong>60 \u00e0 90 m2<\/strong><\/td>\n<\/tr>\n<\/tbody>\n<\/table>\n<p>&nbsp;<\/p>\n<h2>Location box Calais 23m3 au 1er \u00e9tage<\/h2>\n<p data-start=\"118\" data-end=\"416\">D\u00e9couvrez notre <strong data-start=\"134\" data-end=\"171\">box de 23m3 au 1er \u00e9tage \u00e0 Calais<\/strong>, id\u00e9al pour tous vos besoins de <strong data-start=\"204\" data-end=\"233\">stockage et garde-meubles<\/strong>. Que vous ayez des meubles, cartons, archives ou \u00e9quipements saisonniers, ce box spacieux et s\u00e9curis\u00e9 vous offre un espace pratique pour stocker vos affaires en toute tranquillit\u00e9.<\/p>\n<p data-start=\"418\" data-end=\"669\">Situ\u00e9 au <strong data-start=\"427\" data-end=\"440\">1er \u00e9tage<\/strong>, il b\u00e9n\u00e9ficie d\u2019un acc\u00e8s simple et s\u00e9curis\u00e9, avec des installations propres et bien entretenues. Notre centre de stockage \u00e0 Calais est pens\u00e9 pour faciliter vos d\u00e9placements et vous garantir un environnement s\u00fbr pour vos biens.<\/p>\n<p data-start=\"671\" data-end=\"999\">Avec des tarifs comp\u00e9titifs et un service professionnel, cette <strong data-start=\"734\" data-end=\"753\">location de box<\/strong> est parfaite pour les particuliers comme pour les professionnels. Louez votre <strong data-start=\"832\" data-end=\"856\">box de 23m3 \u00e0 Calais<\/strong> d\u00e8s aujourd\u2019hui et profitez d\u2019un espace de stockage fiable, accessible et bien organis\u00e9, adapt\u00e9 \u00e0 toutes vos exigences de <strong data-start=\"979\" data-end=\"996\">garde-meubles<\/strong>.<\/p>\n<h2>Un doute sur la taille du box qu\u2019il vous faut ?<\/h2>\n<p><a class=\"buttonperso\" style=\"text-decoration: none!important;\" href=\"https:\/\/www.classebox.com\/box\/calculateur-de-volume\/\">Calculateur de volume<\/a> <a class=\"buttonperso\" style=\"text-decoration: none!important;\" href=\"https:\/\/www.classebox.com\/rendez-vous\/#Calais\">Rendez-vous pour visiter<\/a> <a class=\"buttonperso\" style=\"text-decoration: none!important;\" href=\"https:\/\/www.classebox.com\/contact\/\">Nous contacter<\/a><\/p>\n<h2>Comment venir \u00e0 CLASSE BOX Calais ?<\/h2>\n<p><a class=\"buttonperso\" style=\"text-decoration: none!important;\" href=\"https:\/\/goo.gl\/maps\/NeJWR3c8DaiD83oA6\" target=\"_blank\" rel=\"noopener\">Itin\u00e9raire vers Calais<\/a><\/p>\n<div style=\"display: none;\">Calais RDC (n\u00b0C2020) | RDC (n\u00b0C2027) | RDC (n\u00b0C2037) | RDC (n\u00b0C2047) | RDC (n\u00b0C2048) | RDC (n\u00b0C2049) | RDC (n\u00b0C2051) | RDC (n\u00b0C2052) | 1er \u00e9tage (n\u00b0C2137)<\/div>\n","protected":false},"excerpt":{"rendered":"<p>Location box Calais 23m3 Volume : 23 m\u00b3 Surface : 9 m\u00b2 Hauteur : 2.50 m Habitation \u2248 60 \u00e0 90 m2 &nbsp; Location box Calais 23m3 au 1er \u00e9tage D\u00e9couvrez notre box de 23m3 au 1er \u00e9tage \u00e0 Calais, id\u00e9al pour tous vos besoins de stockage et garde-meubles. Que vous ayez des meubles, cartons,&#8230;<\/p>\n","protected":false},"featured_media":8785,"comment_status":"open","ping_status":"closed","template":"","meta":{"_kad_blocks_custom_css":"","_kad_blocks_head_custom_js":"","_kad_blocks_body_custom_js":"","_kad_blocks_footer_custom_js":"","_kad_post_transparent":"default","_kad_post_title":"","_kad_post_layout":"default","_kad_post_sidebar_id":"","_kad_post_content_style":"default","_kad_post_vertical_padding":"default","_kad_post_feature":"","_kad_post_feature_position":"","_kad_post_header":false,"_kad_post_footer":false,"_kad_post_classname":""},"product_brand":[],"product_cat":[160,152],"product_tag":[627,156,619],"class_list":{"0":"post-3626","1":"product","2":"type-product","3":"status-publish","4":"has-post-thumbnail","6":"product_cat-calais-taille-l","7":"product_cat-calais","8":"product_tag-1er-etage","9":"product_tag-fra","10":"product_tag-promo","12":"first","13":"instock","14":"sale","15":"sold-individually","16":"taxable","17":"shipping-taxable","18":"purchasable","19":"product-type-variable-subscription","20":"has-default-attributes","21":"entry","22":"content-bg","23":"loop-entry"},"yoast_head":"<!-- This site is optimized with the Yoast SEO plugin v27.0 - https:\/\/yoast.com\/product\/yoast-seo-wordpress\/ -->\n<title>Location box Calais 23m3 (9m2) \u2013 Pro &amp; Particulier - S\u00e9curis\u00e9 !<\/title>\n<meta name=\"description\" content=\"Location box Calais de 23m3 (9m2). CLASSE BOX : stockage s\u00e9curis\u00e9, pratique pour particuliers et professionnels - Acc\u00e8s libre 24\/7 - Avis 5\/5 - 270 box\" \/>\n<meta name=\"robots\" content=\"index, follow, max-snippet:-1, max-image-preview:large, max-video-preview:-1\" \/>\n<link rel=\"canonical\" href=\"https:\/\/www.classebox.com\/calais-villars\/produit\/box-de-23m3-etage-calais\/\" \/>\n<meta property=\"og:locale\" content=\"fr_FR\" \/>\n<meta property=\"og:type\" content=\"article\" \/>\n<meta property=\"og:title\" content=\"Location box Calais 23m3 (9m2) \u2013 Pro &amp; Particulier - S\u00e9curis\u00e9 !\" \/>\n<meta property=\"og:description\" content=\"Location box Calais de 23m3 (9m2). CLASSE BOX : stockage s\u00e9curis\u00e9, pratique pour particuliers et professionnels - Acc\u00e8s libre 24\/7 - Avis 5\/5 - 270 box\" \/>\n<meta property=\"og:url\" content=\"https:\/\/www.classebox.com\/calais-villars\/produit\/box-de-23m3-etage-calais\/\" \/>\n<meta property=\"og:site_name\" content=\"CLASSE BOX Calais\" \/>\n<meta property=\"article:publisher\" content=\"https:\/\/www.facebook.com\/ClasseBox.Boulogne\" \/>\n<meta property=\"article:modified_time\" content=\"2026-03-13T21:02:21+00:00\" \/>\n<meta property=\"og:image\" content=\"https:\/\/www.classebox.com\/calais-villars\/wp-content\/uploads\/2024\/09\/Box_de_23m3-2.png\" \/>\n\t<meta property=\"og:image:width\" content=\"800\" \/>\n\t<meta property=\"og:image:height\" content=\"800\" \/>\n\t<meta property=\"og:image:type\" content=\"image\/png\" \/>\n<meta name=\"twitter:card\" content=\"summary_large_image\" \/>\n<meta name=\"twitter:label1\" content=\"Dur\u00e9e de lecture estim\u00e9e\" \/>\n\t<meta name=\"twitter:data1\" content=\"3 minutes\" \/>\n<!-- \/ Yoast SEO plugin. -->","yoast_head_json":{"title":"Location box Calais 23m3 (9m2) \u2013 Pro & Particulier - S\u00e9curis\u00e9 !","description":"Location box Calais de 23m3 (9m2). CLASSE BOX : stockage s\u00e9curis\u00e9, pratique pour particuliers et professionnels - Acc\u00e8s libre 24\/7 - Avis 5\/5 - 270 box","robots":{"index":"index","follow":"follow","max-snippet":"max-snippet:-1","max-image-preview":"max-image-preview:large","max-video-preview":"max-video-preview:-1"},"canonical":"https:\/\/www.classebox.com\/calais-villars\/produit\/box-de-23m3-etage-calais\/","og_locale":"fr_FR","og_type":"article","og_title":"Location box Calais 23m3 (9m2) \u2013 Pro & Particulier - S\u00e9curis\u00e9 !","og_description":"Location box Calais de 23m3 (9m2). CLASSE BOX : stockage s\u00e9curis\u00e9, pratique pour particuliers et professionnels - Acc\u00e8s libre 24\/7 - Avis 5\/5 - 270 box","og_url":"https:\/\/www.classebox.com\/calais-villars\/produit\/box-de-23m3-etage-calais\/","og_site_name":"CLASSE BOX Calais","article_publisher":"https:\/\/www.facebook.com\/ClasseBox.Boulogne","article_modified_time":"2026-03-13T21:02:21+00:00","og_image":[{"width":800,"height":800,"url":"https:\/\/www.classebox.com\/calais-villars\/wp-content\/uploads\/2024\/09\/Box_de_23m3-2.png","type":"image\/png"}],"twitter_card":"summary_large_image","twitter_misc":{"Dur\u00e9e de lecture estim\u00e9e":"3 minutes"},"schema":{"@context":"https:\/\/schema.org","@graph":[{"@type":"WebPage","@id":"https:\/\/www.classebox.com\/calais-villars\/produit\/box-de-23m3-etage-calais\/","url":"https:\/\/www.classebox.com\/calais-villars\/produit\/box-de-23m3-etage-calais\/","name":"Location box Calais 23m3 (9m2) \u2013 Pro & Particulier - S\u00e9curis\u00e9 !","isPartOf":{"@id":"https:\/\/www.classebox.com\/calais-villars\/#website"},"primaryImageOfPage":{"@id":"https:\/\/www.classebox.com\/calais-villars\/produit\/box-de-23m3-etage-calais\/#primaryimage"},"image":{"@id":"https:\/\/www.classebox.com\/calais-villars\/produit\/box-de-23m3-etage-calais\/#primaryimage"},"thumbnailUrl":"https:\/\/www.classebox.com\/calais-villars\/wp-content\/uploads\/2024\/09\/Box_de_23m3-2.png","datePublished":"2025-05-14T21:58:30+00:00","dateModified":"2026-03-13T21:02:21+00:00","description":"Location box Calais de 23m3 (9m2). CLASSE BOX : stockage s\u00e9curis\u00e9, pratique pour particuliers et professionnels - Acc\u00e8s libre 24\/7 - Avis 5\/5 - 270 box","breadcrumb":{"@id":"https:\/\/www.classebox.com\/calais-villars\/produit\/box-de-23m3-etage-calais\/#breadcrumb"},"inLanguage":"fr-FR","potentialAction":[{"@type":"ReadAction","target":["https:\/\/www.classebox.com\/calais-villars\/produit\/box-de-23m3-etage-calais\/"]}]},{"@type":"ImageObject","inLanguage":"fr-FR","@id":"https:\/\/www.classebox.com\/calais-villars\/produit\/box-de-23m3-etage-calais\/#primaryimage","url":"https:\/\/www.classebox.com\/calais-villars\/wp-content\/uploads\/2024\/09\/Box_de_23m3-2.png","contentUrl":"https:\/\/www.classebox.com\/calais-villars\/wp-content\/uploads\/2024\/09\/Box_de_23m3-2.png","width":800,"height":800,"caption":"Location box Calais 23m3"},{"@type":"BreadcrumbList","@id":"https:\/\/www.classebox.com\/calais-villars\/produit\/box-de-23m3-etage-calais\/#breadcrumb","itemListElement":[{"@type":"ListItem","position":1,"name":"Accueil","item":"https:\/\/www.classebox.com\/calais-villars\/"},{"@type":"ListItem","position":2,"name":"Centres de stockage","item":"https:\/\/www.classebox.com\/calais-villars\/centres-de-stockage\/"},{"@type":"ListItem","position":3,"name":"Box de 23m3 (9m2)"}]},{"@type":"WebSite","@id":"https:\/\/www.classebox.com\/calais-villars\/#website","url":"https:\/\/www.classebox.com\/calais-villars\/","name":"CLASSE BOX Calais","description":"","publisher":{"@id":"https:\/\/www.classebox.com\/calais-villars\/#organization"},"potentialAction":[{"@type":"SearchAction","target":{"@type":"EntryPoint","urlTemplate":"https:\/\/www.classebox.com\/calais-villars\/?s={search_term_string}"},"query-input":{"@type":"PropertyValueSpecification","valueRequired":true,"valueName":"search_term_string"}}],"inLanguage":"fr-FR"},{"@type":"Organization","@id":"https:\/\/www.classebox.com\/calais-villars\/#organization","name":"CLASSE BOX Calais","url":"https:\/\/www.classebox.com\/calais-villars\/","logo":{"@type":"ImageObject","inLanguage":"fr-FR","@id":"https:\/\/www.classebox.com\/calais-villars\/#\/schema\/logo\/image\/","url":"https:\/\/www.classebox.com\/calais-villars\/wp-content\/uploads\/2025\/11\/logo-classe-box.png","contentUrl":"https:\/\/www.classebox.com\/calais-villars\/wp-content\/uploads\/2025\/11\/logo-classe-box.png","width":400,"height":217,"caption":"CLASSE BOX Calais"},"image":{"@id":"https:\/\/www.classebox.com\/calais-villars\/#\/schema\/logo\/image\/"},"sameAs":["https:\/\/www.facebook.com\/ClasseBox.Boulogne","https:\/\/www.instagram.com\/classe_box\/","https:\/\/www.linkedin.com\/company\/classebox\/"]}]}},"lang":"fr","translations":{"fr":3626,"en":3627},"taxonomy_info":{"product_cat":[{"value":160,"label":"Box de 8 \u00e0 12 m\u00b2"},{"value":152,"label":"Calais"}],"product_tag":[{"value":627,"label":"1er \u00e9tage"},{"value":156,"label":"FRA"},{"value":619,"label":"Promo"}]},"featured_image_src_large":["https:\/\/www.classebox.com\/calais-villars\/wp-content\/uploads\/2024\/09\/Box_de_23m3-2.png",800,800,false],"author_info":[],"comment_info":1,"pll_sync_post":[],"_links":{"self":[{"href":"https:\/\/www.classebox.com\/calais-villars\/wp-json\/wp\/v2\/product\/3626","targetHints":{"allow":["GET"]}}],"collection":[{"href":"https:\/\/www.classebox.com\/calais-villars\/wp-json\/wp\/v2\/product"}],"about":[{"href":"https:\/\/www.classebox.com\/calais-villars\/wp-json\/wp\/v2\/types\/product"}],"replies":[{"embeddable":true,"href":"https:\/\/www.classebox.com\/calais-villars\/wp-json\/wp\/v2\/comments?post=3626"}],"wp:featuredmedia":[{"embeddable":true,"href":"https:\/\/www.classebox.com\/calais-villars\/wp-json\/wp\/v2\/media\/8785"}],"wp:attachment":[{"href":"https:\/\/www.classebox.com\/calais-villars\/wp-json\/wp\/v2\/media?parent=3626"}],"wp:term":[{"taxonomy":"product_brand","embeddable":true,"href":"https:\/\/www.classebox.com\/calais-villars\/wp-json\/wp\/v2\/product_brand?post=3626"},{"taxonomy":"product_cat","embeddable":true,"href":"https:\/\/www.classebox.com\/calais-villars\/wp-json\/wp\/v2\/product_cat?post=3626"},{"taxonomy":"product_tag","embeddable":true,"href":"https:\/\/www.classebox.com\/calais-villars\/wp-json\/wp\/v2\/product_tag?post=3626"}],"curies":[{"name":"wp","href":"https:\/\/api.w.org\/{rel}","templated":true}]}}