{"id":3609,"date":"2025-05-14T23:41:52","date_gmt":"2025-05-14T21:41:52","guid":{"rendered":"https:\/\/www.classebox.com\/calais-villars\/?post_type=product&#038;p=3609"},"modified":"2026-03-27T15:27:09","modified_gmt":"2026-03-27T14:27:09","slug":"box-de-18m3-etage-calais","status":"publish","type":"product","link":"https:\/\/www.classebox.com\/calais-villars\/produit\/box-de-18m3-etage-calais\/","title":{"rendered":"Box de 18m3 (7m2)"},"content":{"rendered":"<p>Box de 18m3 (7m2) au 1er \u00e9tage \u00e0 Calais<\/p>\n<table style=\"max-width: 350px; border-collapse: collapse; margin-top: 20px;\">\n<tbody>\n<tr valign=\"middle\">\n<td style=\"padding: 0px; vertical-align: middle;\"><img loading=\"lazy\" decoding=\"async\" src=\"https:\/\/www.classebox.com\/wp-content\/uploads\/2023\/03\/icon-volume.png\" alt=\"Volume\" width=\"60\" height=\"60\" \/><\/td>\n<td style=\"padding: 0px; vertical-align: middle;\">Volume :<strong> 18 m\u00b3<\/strong><\/td>\n<\/tr>\n<tr valign=\"middle\">\n<td style=\"padding: 0px; vertical-align: middle;\"><img loading=\"lazy\" decoding=\"async\" src=\"https:\/\/www.classebox.com\/wp-content\/uploads\/2023\/03\/icon-surface.png\" alt=\"Surface\" width=\"60\" height=\"60\" \/><\/td>\n<td style=\"padding: 0px; vertical-align: middle;\">Surface :<strong> 7 m\u00b2<\/strong><\/td>\n<\/tr>\n<tr valign=\"middle\">\n<td style=\"padding: 0px; vertical-align: middle;\"><img loading=\"lazy\" decoding=\"async\" src=\"https:\/\/www.classebox.com\/wp-content\/uploads\/2023\/03\/icon_hauteur.png\" alt=\"hauteur\" width=\"60\" height=\"60\" \/><\/td>\n<td style=\"padding: 0px; vertical-align: middle;\">Hauteur : <strong>2.50 m<\/strong><\/td>\n<\/tr>\n<tr valign=\"middle\">\n<td style=\"padding: 0px; vertical-align: middle;\"><img loading=\"lazy\" decoding=\"async\" src=\"https:\/\/www.classebox.com\/wp-content\/uploads\/2024\/05\/icon_maison.png\" alt=\"Habitation\" width=\"60\" height=\"60\" \/><\/td>\n<td style=\"padding: 0px; vertical-align: middle;\">Habitation \u2248 <strong>45 \u00e0 70 m2<\/strong><\/td>\n<\/tr>\n<\/tbody>\n<\/table>\n<h2>Box de 18m3 (7m2) au 1er \u00e9tage \u00e0 Calais adapt\u00e9 pour les habitations de 45 \u00e0 70 m\u00b2<\/h2>\n<p>Avec ses 18m3 et 7m2, ce box au 1er \u00e9tage est parfaitement adapt\u00e9 pour stocker les biens d\u2019une habitation de 45 \u00e0 70 m\u00b2. Vous pouvez y entreposer meubles, cartons, \u00e9lectrom\u00e9nagers et affaires personnelles sur le long terme, tout en conservant une organisation facile de l\u2019espace. La taille compacte mais suffisante de ce box le rend id\u00e9al pour les particuliers ayant besoin d\u2019un espace s\u00e9curis\u00e9 et accessible pour le stockage temporaire ou prolong\u00e9.<\/p>\n<h2>Monte-charge de 500 kg pour un acc\u00e8s pratique<\/h2>\n<p>L\u2019un des principaux avantages de ce box est le monte-charge grande capacit\u00e9 de 500 kg, qui permet de transporter facilement vos objets lourds ou volumineux jusqu\u2019au 1er \u00e9tage. Vous n\u2019aurez plus \u00e0 vous soucier des escaliers ou des contraintes physiques : canap\u00e9s, armoires, cartons et appareils \u00e9lectrom\u00e9nagers sont d\u00e9plac\u00e9s rapidement et en toute s\u00e9curit\u00e9. Cet \u00e9quipement rend le stockage efficace et pratique, m\u00eame pour des objets pesants ou encombrants.<\/p>\n<h2>Box de 18m3 (7m2) au 1er \u00e9tage \u00e0 Calais s\u00e9curis\u00e9 et entretenu<\/h2>\n<p>Ce box b\u00e9n\u00e9ficie d\u2019une surveillance 24h\/24, d\u2019un acc\u00e8s s\u00e9curis\u00e9 et d\u2019un entretien r\u00e9gulier pour garantir la protection de vos biens. L\u2019environnement est propre, sec et fiable, ce qui vous permet de stocker vos affaires en toute tranquillit\u00e9. Que ce soit pour des besoins ponctuels ou une location longue dur\u00e9e, ce garde-meubles au 1er \u00e9tage combine s\u00e9curit\u00e9, confort et praticit\u00e9, id\u00e9al pour particuliers ou professionnels recherchant une solution de stockage flexible \u00e0 Calais.<\/p>\n<h2>Un doute sur la taille du box qu\u2019il vous faut ?<\/h2>\n<p><a class=\"buttonperso\" style=\"text-decoration: none!important;\" href=\"https:\/\/www.classebox.com\/box\/calculateur-de-volume\/\">Calculateur de volume<\/a> <a class=\"buttonperso\" style=\"text-decoration: none!important;\" href=\"https:\/\/www.classebox.com\/rendez-vous\/#Calais\">Rendez-vous pour visiter<\/a> <a class=\"buttonperso\" style=\"text-decoration: none!important;\" href=\"https:\/\/www.classebox.com\/contact\/\">Nous contacter<\/a><\/p>\n<h2>Comment venir \u00e0 Calais ?<\/h2>\n<p><a class=\"buttonperso\" style=\"text-decoration: none!important;\" href=\"https:\/\/goo.gl\/maps\/NeJWR3c8DaiD83oA6\" target=\"_blank\" rel=\"noopener\">Itin\u00e9raire vers Calais<\/a><\/p>\n<div style=\"display: none;\">Calais RDC (n\u00b0C2001) | RDC (n\u00b0C2007) | RDC (n\u00b0C2009) | 1er \u00e9tage (n\u00b0C2138)<\/div>\n","protected":false},"excerpt":{"rendered":"<p>Box de 18m3 (7m2) au 1er \u00e9tage \u00e0 Calais Volume : 18 m\u00b3 Surface : 7 m\u00b2 Hauteur : 2.50 m Habitation \u2248 45 \u00e0 70 m2 Box de 18m3 (7m2) au 1er \u00e9tage \u00e0 Calais adapt\u00e9 pour les habitations de 45 \u00e0 70 m\u00b2 Avec ses 18m3 et 7m2, ce box au 1er \u00e9tage&#8230;<\/p>\n","protected":false},"featured_media":7699,"comment_status":"open","ping_status":"closed","template":"","meta":{"_kad_blocks_custom_css":"","_kad_blocks_head_custom_js":"","_kad_blocks_body_custom_js":"","_kad_blocks_footer_custom_js":"","_kad_post_transparent":"default","_kad_post_title":"","_kad_post_layout":"default","_kad_post_sidebar_id":"","_kad_post_content_style":"default","_kad_post_vertical_padding":"default","_kad_post_feature":"","_kad_post_feature_position":"","_kad_post_header":false,"_kad_post_footer":false,"_kad_post_classname":""},"product_brand":[],"product_cat":[158,152],"product_tag":[627,156,619],"class_list":{"0":"post-3609","1":"product","2":"type-product","3":"status-publish","4":"has-post-thumbnail","6":"product_cat-calais-taille-m","7":"product_cat-calais","8":"product_tag-1er-etage","9":"product_tag-fra","10":"product_tag-promo","12":"first","13":"onbackorder","14":"sale","15":"sold-individually","16":"taxable","17":"shipping-taxable","18":"purchasable","19":"product-type-variable-subscription","20":"has-default-attributes","21":"entry","22":"content-bg","23":"loop-entry"},"yoast_head":"<!-- This site is optimized with the Yoast SEO plugin v27.0 - https:\/\/yoast.com\/product\/yoast-seo-wordpress\/ -->\n<title>Box 18m3 Calais \u00e9tage - Location garde meubles - Stockage 24\/7<\/title>\n<meta name=\"description\" content=\"Box de 18m3 (7m2) au 1er \u00e9tage \u00e0 Calais : location de garde-meubles propre et s\u00e9curis\u00e9. Solution de stockage pratique avec acc\u00e8s facile et meilleurs tarifs.\" \/>\n<meta name=\"robots\" content=\"index, follow, max-snippet:-1, max-image-preview:large, max-video-preview:-1\" \/>\n<link rel=\"canonical\" href=\"https:\/\/www.classebox.com\/calais-villars\/produit\/box-de-18m3-etage-calais\/\" \/>\n<meta property=\"og:locale\" content=\"fr_FR\" \/>\n<meta property=\"og:type\" content=\"article\" \/>\n<meta property=\"og:title\" content=\"Box 18m3 Calais \u00e9tage - Location garde meubles - Stockage 24\/7\" \/>\n<meta property=\"og:description\" content=\"Box de 18m3 (7m2) au 1er \u00e9tage \u00e0 Calais : location de garde-meubles propre et s\u00e9curis\u00e9. Solution de stockage pratique avec acc\u00e8s facile et meilleurs tarifs.\" \/>\n<meta property=\"og:url\" content=\"https:\/\/www.classebox.com\/calais-villars\/produit\/box-de-18m3-etage-calais\/\" \/>\n<meta property=\"og:site_name\" content=\"CLASSE BOX Calais\" \/>\n<meta property=\"article:publisher\" content=\"https:\/\/www.facebook.com\/ClasseBox.Boulogne\" \/>\n<meta property=\"article:modified_time\" content=\"2026-03-27T14:27:09+00:00\" \/>\n<meta property=\"og:image\" content=\"https:\/\/www.classebox.com\/calais-villars\/wp-content\/uploads\/2024\/09\/Box_de_18m3-2.png\" \/>\n\t<meta property=\"og:image:width\" content=\"800\" \/>\n\t<meta property=\"og:image:height\" content=\"800\" \/>\n\t<meta property=\"og:image:type\" content=\"image\/png\" \/>\n<meta name=\"twitter:card\" content=\"summary_large_image\" \/>\n<meta name=\"twitter:label1\" content=\"Dur\u00e9e de lecture estim\u00e9e\" \/>\n\t<meta name=\"twitter:data1\" content=\"3 minutes\" \/>\n<!-- \/ Yoast SEO plugin. -->","yoast_head_json":{"title":"Box 18m3 Calais \u00e9tage - Location garde meubles - Stockage 24\/7","description":"Box de 18m3 (7m2) au 1er \u00e9tage \u00e0 Calais : location de garde-meubles propre et s\u00e9curis\u00e9. Solution de stockage pratique avec acc\u00e8s facile et meilleurs tarifs.","robots":{"index":"index","follow":"follow","max-snippet":"max-snippet:-1","max-image-preview":"max-image-preview:large","max-video-preview":"max-video-preview:-1"},"canonical":"https:\/\/www.classebox.com\/calais-villars\/produit\/box-de-18m3-etage-calais\/","og_locale":"fr_FR","og_type":"article","og_title":"Box 18m3 Calais \u00e9tage - Location garde meubles - Stockage 24\/7","og_description":"Box de 18m3 (7m2) au 1er \u00e9tage \u00e0 Calais : location de garde-meubles propre et s\u00e9curis\u00e9. Solution de stockage pratique avec acc\u00e8s facile et meilleurs tarifs.","og_url":"https:\/\/www.classebox.com\/calais-villars\/produit\/box-de-18m3-etage-calais\/","og_site_name":"CLASSE BOX Calais","article_publisher":"https:\/\/www.facebook.com\/ClasseBox.Boulogne","article_modified_time":"2026-03-27T14:27:09+00:00","og_image":[{"width":800,"height":800,"url":"https:\/\/www.classebox.com\/calais-villars\/wp-content\/uploads\/2024\/09\/Box_de_18m3-2.png","type":"image\/png"}],"twitter_card":"summary_large_image","twitter_misc":{"Dur\u00e9e de lecture estim\u00e9e":"3 minutes"},"schema":{"@context":"https:\/\/schema.org","@graph":[{"@type":"WebPage","@id":"https:\/\/www.classebox.com\/calais-villars\/produit\/box-de-18m3-etage-calais\/","url":"https:\/\/www.classebox.com\/calais-villars\/produit\/box-de-18m3-etage-calais\/","name":"Box 18m3 Calais \u00e9tage - Location garde meubles - Stockage 24\/7","isPartOf":{"@id":"https:\/\/www.classebox.com\/calais-villars\/#website"},"primaryImageOfPage":{"@id":"https:\/\/www.classebox.com\/calais-villars\/produit\/box-de-18m3-etage-calais\/#primaryimage"},"image":{"@id":"https:\/\/www.classebox.com\/calais-villars\/produit\/box-de-18m3-etage-calais\/#primaryimage"},"thumbnailUrl":"https:\/\/www.classebox.com\/calais-villars\/wp-content\/uploads\/2024\/09\/Box_de_18m3-2.png","datePublished":"2025-05-14T21:41:52+00:00","dateModified":"2026-03-27T14:27:09+00:00","description":"Box de 18m3 (7m2) au 1er \u00e9tage \u00e0 Calais : location de garde-meubles propre et s\u00e9curis\u00e9. Solution de stockage pratique avec acc\u00e8s facile et meilleurs tarifs.","breadcrumb":{"@id":"https:\/\/www.classebox.com\/calais-villars\/produit\/box-de-18m3-etage-calais\/#breadcrumb"},"inLanguage":"fr-FR","potentialAction":[{"@type":"ReadAction","target":["https:\/\/www.classebox.com\/calais-villars\/produit\/box-de-18m3-etage-calais\/"]}]},{"@type":"ImageObject","inLanguage":"fr-FR","@id":"https:\/\/www.classebox.com\/calais-villars\/produit\/box-de-18m3-etage-calais\/#primaryimage","url":"https:\/\/www.classebox.com\/calais-villars\/wp-content\/uploads\/2024\/09\/Box_de_18m3-2.png","contentUrl":"https:\/\/www.classebox.com\/calais-villars\/wp-content\/uploads\/2024\/09\/Box_de_18m3-2.png","width":800,"height":800,"caption":"Box de 18m3 \u00e0 Calais"},{"@type":"BreadcrumbList","@id":"https:\/\/www.classebox.com\/calais-villars\/produit\/box-de-18m3-etage-calais\/#breadcrumb","itemListElement":[{"@type":"ListItem","position":1,"name":"Accueil","item":"https:\/\/www.classebox.com\/calais-villars\/"},{"@type":"ListItem","position":2,"name":"Centres de stockage","item":"https:\/\/www.classebox.com\/calais-villars\/centres-de-stockage\/"},{"@type":"ListItem","position":3,"name":"Box de 18m3 (7m2)"}]},{"@type":"WebSite","@id":"https:\/\/www.classebox.com\/calais-villars\/#website","url":"https:\/\/www.classebox.com\/calais-villars\/","name":"CLASSE BOX Calais","description":"","publisher":{"@id":"https:\/\/www.classebox.com\/calais-villars\/#organization"},"potentialAction":[{"@type":"SearchAction","target":{"@type":"EntryPoint","urlTemplate":"https:\/\/www.classebox.com\/calais-villars\/?s={search_term_string}"},"query-input":{"@type":"PropertyValueSpecification","valueRequired":true,"valueName":"search_term_string"}}],"inLanguage":"fr-FR"},{"@type":"Organization","@id":"https:\/\/www.classebox.com\/calais-villars\/#organization","name":"CLASSE BOX Calais","url":"https:\/\/www.classebox.com\/calais-villars\/","logo":{"@type":"ImageObject","inLanguage":"fr-FR","@id":"https:\/\/www.classebox.com\/calais-villars\/#\/schema\/logo\/image\/","url":"https:\/\/www.classebox.com\/calais-villars\/wp-content\/uploads\/2025\/11\/logo-classe-box.png","contentUrl":"https:\/\/www.classebox.com\/calais-villars\/wp-content\/uploads\/2025\/11\/logo-classe-box.png","width":400,"height":217,"caption":"CLASSE BOX Calais"},"image":{"@id":"https:\/\/www.classebox.com\/calais-villars\/#\/schema\/logo\/image\/"},"sameAs":["https:\/\/www.facebook.com\/ClasseBox.Boulogne","https:\/\/www.instagram.com\/classe_box\/","https:\/\/www.linkedin.com\/company\/classebox\/"]}]}},"lang":"fr","translations":{"fr":3609,"en":3610},"taxonomy_info":{"product_cat":[{"value":158,"label":"Box de 5 \u00e0 8 m\u00b2"},{"value":152,"label":"Calais"}],"product_tag":[{"value":627,"label":"1er \u00e9tage"},{"value":156,"label":"FRA"},{"value":619,"label":"Promo"}]},"featured_image_src_large":["https:\/\/www.classebox.com\/calais-villars\/wp-content\/uploads\/2024\/09\/Box_de_18m3-2.png",800,800,false],"author_info":[],"comment_info":1,"pll_sync_post":[],"_links":{"self":[{"href":"https:\/\/www.classebox.com\/calais-villars\/wp-json\/wp\/v2\/product\/3609","targetHints":{"allow":["GET"]}}],"collection":[{"href":"https:\/\/www.classebox.com\/calais-villars\/wp-json\/wp\/v2\/product"}],"about":[{"href":"https:\/\/www.classebox.com\/calais-villars\/wp-json\/wp\/v2\/types\/product"}],"replies":[{"embeddable":true,"href":"https:\/\/www.classebox.com\/calais-villars\/wp-json\/wp\/v2\/comments?post=3609"}],"wp:featuredmedia":[{"embeddable":true,"href":"https:\/\/www.classebox.com\/calais-villars\/wp-json\/wp\/v2\/media\/7699"}],"wp:attachment":[{"href":"https:\/\/www.classebox.com\/calais-villars\/wp-json\/wp\/v2\/media?parent=3609"}],"wp:term":[{"taxonomy":"product_brand","embeddable":true,"href":"https:\/\/www.classebox.com\/calais-villars\/wp-json\/wp\/v2\/product_brand?post=3609"},{"taxonomy":"product_cat","embeddable":true,"href":"https:\/\/www.classebox.com\/calais-villars\/wp-json\/wp\/v2\/product_cat?post=3609"},{"taxonomy":"product_tag","embeddable":true,"href":"https:\/\/www.classebox.com\/calais-villars\/wp-json\/wp\/v2\/product_tag?post=3609"}],"curies":[{"name":"wp","href":"https:\/\/api.w.org\/{rel}","templated":true}]}}