{"id":1819,"date":"2024-09-19T14:26:52","date_gmt":"2024-09-19T12:26:52","guid":{"rendered":"https:\/\/www.classebox.com\/calais-villars\/?post_type=product&#038;p=1819"},"modified":"2026-03-31T12:51:40","modified_gmt":"2026-03-31T10:51:40","slug":"box-de-10m3-6m2-mansarde-poutre-calais","status":"publish","type":"product","link":"https:\/\/www.classebox.com\/calais-villars\/produit\/box-de-10m3-6m2-mansarde-poutre-calais\/","title":{"rendered":"Box de 10m3 (6m2) (Mansard\u00e9 + Poutre)"},"content":{"rendered":"<table style=\"max-width: 350px; border-collapse: collapse; margin-top: 20px;\">\n<tbody>\n<tr valign=\"middle\">\n<td style=\"padding: 0px; vertical-align: middle;\"><img loading=\"lazy\" decoding=\"async\" src=\"https:\/\/www.classebox.com\/wp-content\/uploads\/2023\/03\/icon-volume.png\" alt=\"Volume\" width=\"60\" height=\"60\" \/><\/td>\n<td style=\"padding: 0px; vertical-align: middle;\">Volume :<strong> 10 m\u00b3<\/strong><\/td>\n<\/tr>\n<tr valign=\"middle\">\n<td style=\"padding: 0px; vertical-align: middle;\"><img loading=\"lazy\" decoding=\"async\" src=\"https:\/\/www.classebox.com\/wp-content\/uploads\/2023\/03\/icon-surface.png\" alt=\"Surface\" width=\"60\" height=\"60\" \/><\/td>\n<td style=\"padding: 0px; vertical-align: middle;\">Surface :<strong> 6 m\u00b2<\/strong><\/td>\n<\/tr>\n<tr valign=\"middle\">\n<td style=\"padding: 0px; vertical-align: middle;\"><img loading=\"lazy\" decoding=\"async\" src=\"https:\/\/www.classebox.com\/wp-content\/uploads\/2023\/03\/icon_hauteur.png\" alt=\"hauteur\" width=\"60\" height=\"60\" \/><\/td>\n<td style=\"padding-top: 0px; padding-right: 0px; padding-bottom: 0px; vertical-align: middle;\">Hauteur :<br \/>\n<strong>2.50 m max<br \/>\n1.80 m min<\/strong><\/td>\n<\/tr>\n<tr valign=\"middle\">\n<td style=\"padding: 0px; vertical-align: middle;\"><img loading=\"lazy\" decoding=\"async\" src=\"https:\/\/www.classebox.com\/wp-content\/uploads\/2024\/05\/icon_maison.png\" alt=\"Habitation\" width=\"60\" height=\"60\" \/><\/td>\n<td style=\"padding: 0px; vertical-align: middle;\">Habitation \u2248 <strong>40 \u00e0 60 m2<\/strong><\/td>\n<\/tr>\n<\/tbody>\n<\/table>\n<p>Pour l\u2019entreposage par exemple des objets personnels, des v\u00eatements, des bo\u00eetes, des skis, des jouets pour enfants, des petits meubles, des documents professionnels et des mat\u00e9riaux divers.<\/p>\n<h2>Un doute sur la taille du box qu\u2019il vous faut ?<\/h2>\n<p><a class=\"buttonperso\" style=\"text-decoration: none!important;\" href=\"https:\/\/www.classebox.com\/box\/calculateur-de-volume\/\">Calculateur de volume<\/a> <a class=\"buttonperso\" style=\"text-decoration: none!important;\" href=\"https:\/\/www.classebox.com\/rendez-vous\/#Calais\">Rendez-vous pour visiter<\/a> <a class=\"buttonperso\" style=\"text-decoration: none!important;\" href=\"https:\/\/www.classebox.com\/contact\/\">Nous contacter<\/a><\/p>\n<h2>Comment venir \u00e0 CLASSE BOX Calais ?<\/h2>\n<p><a class=\"buttonperso\" style=\"text-decoration: none!important;\" href=\"https:\/\/goo.gl\/maps\/NeJWR3c8DaiD83oA6\" target=\"_blank\" rel=\"noopener\">Itin\u00e9raire vers Calais<\/a><\/p>\n<div style=\"display: none;\">Calais 1er \u00e9tage (n\u00b0C2107)<\/div>\n","protected":false},"excerpt":{"rendered":"<p>Volume : 10 m\u00b3 Surface : 6 m\u00b2 Hauteur : 2.50 m max 1.80 m min Habitation \u2248 40 \u00e0 60 m2 Pour l\u2019entreposage par exemple des objets personnels, des v\u00eatements, des bo\u00eetes, des skis, des jouets pour enfants, des petits meubles, des documents professionnels et des mat\u00e9riaux divers. Un doute sur la taille du&#8230;<\/p>\n","protected":false},"featured_media":1600,"comment_status":"open","ping_status":"closed","template":"","meta":{"_kad_blocks_custom_css":"","_kad_blocks_head_custom_js":"","_kad_blocks_body_custom_js":"","_kad_blocks_footer_custom_js":"","_kad_post_transparent":"default","_kad_post_title":"","_kad_post_layout":"default","_kad_post_sidebar_id":"","_kad_post_content_style":"default","_kad_post_vertical_padding":"default","_kad_post_feature":"","_kad_post_feature_position":"","_kad_post_header":false,"_kad_post_footer":false,"_kad_post_classname":""},"product_brand":[],"product_cat":[158,152],"product_tag":[627,156,619],"class_list":{"0":"post-1819","1":"product","2":"type-product","3":"status-publish","4":"has-post-thumbnail","6":"product_cat-calais-taille-m","7":"product_cat-calais","8":"product_tag-1er-etage","9":"product_tag-fra","10":"product_tag-promo","12":"first","13":"onbackorder","14":"sale","15":"sold-individually","16":"taxable","17":"shipping-taxable","18":"purchasable","19":"product-type-variable-subscription","20":"has-default-attributes","21":"entry","22":"content-bg","23":"loop-entry"},"yoast_head":"<!-- This site is optimized with the Yoast SEO plugin v27.0 - https:\/\/yoast.com\/product\/yoast-seo-wordpress\/ -->\n<title>Box de 10m3 (6m2) (Mansard\u00e9 + Poutre) - CLASSE BOX Calais<\/title>\n<meta name=\"robots\" content=\"index, follow, max-snippet:-1, max-image-preview:large, max-video-preview:-1\" \/>\n<link rel=\"canonical\" href=\"https:\/\/www.classebox.com\/calais-villars\/produit\/box-de-10m3-6m2-mansarde-poutre-calais\/\" \/>\n<meta property=\"og:locale\" content=\"fr_FR\" \/>\n<meta property=\"og:type\" content=\"article\" \/>\n<meta property=\"og:title\" content=\"Box de 10m3 (6m2) (Mansard\u00e9 + Poutre) - CLASSE BOX Calais\" \/>\n<meta property=\"og:description\" content=\"Volume : 10 m\u00b3 Surface : 6 m\u00b2 Hauteur : 2.50 m max 1.80 m min Habitation \u2248 40 \u00e0 60 m2 Pour l\u2019entreposage par exemple des objets personnels, des v\u00eatements, des bo\u00eetes, des skis, des jouets pour enfants, des petits meubles, des documents professionnels et des mat\u00e9riaux divers. Un doute sur la taille du...\" \/>\n<meta property=\"og:url\" content=\"https:\/\/www.classebox.com\/calais-villars\/produit\/box-de-10m3-6m2-mansarde-poutre-calais\/\" \/>\n<meta property=\"og:site_name\" content=\"CLASSE BOX Calais\" \/>\n<meta property=\"article:publisher\" content=\"https:\/\/www.facebook.com\/ClasseBox.Boulogne\" \/>\n<meta property=\"article:modified_time\" content=\"2026-03-31T10:51:40+00:00\" \/>\n<meta property=\"og:image\" content=\"https:\/\/www.classebox.com\/calais-villars\/wp-content\/uploads\/2024\/09\/Box_de_6m2_mansarde.png\" \/>\n\t<meta property=\"og:image:width\" content=\"800\" \/>\n\t<meta property=\"og:image:height\" content=\"801\" \/>\n\t<meta property=\"og:image:type\" content=\"image\/png\" \/>\n<meta name=\"twitter:card\" content=\"summary_large_image\" \/>\n<meta name=\"twitter:label1\" content=\"Dur\u00e9e de lecture estim\u00e9e\" \/>\n\t<meta name=\"twitter:data1\" content=\"2 minutes\" \/>\n<!-- \/ Yoast SEO plugin. -->","yoast_head_json":{"title":"Box de 10m3 (6m2) (Mansard\u00e9 + Poutre) - CLASSE BOX Calais","robots":{"index":"index","follow":"follow","max-snippet":"max-snippet:-1","max-image-preview":"max-image-preview:large","max-video-preview":"max-video-preview:-1"},"canonical":"https:\/\/www.classebox.com\/calais-villars\/produit\/box-de-10m3-6m2-mansarde-poutre-calais\/","og_locale":"fr_FR","og_type":"article","og_title":"Box de 10m3 (6m2) (Mansard\u00e9 + Poutre) - CLASSE BOX Calais","og_description":"Volume : 10 m\u00b3 Surface : 6 m\u00b2 Hauteur : 2.50 m max 1.80 m min Habitation \u2248 40 \u00e0 60 m2 Pour l\u2019entreposage par exemple des objets personnels, des v\u00eatements, des bo\u00eetes, des skis, des jouets pour enfants, des petits meubles, des documents professionnels et des mat\u00e9riaux divers. Un doute sur la taille du...","og_url":"https:\/\/www.classebox.com\/calais-villars\/produit\/box-de-10m3-6m2-mansarde-poutre-calais\/","og_site_name":"CLASSE BOX Calais","article_publisher":"https:\/\/www.facebook.com\/ClasseBox.Boulogne","article_modified_time":"2026-03-31T10:51:40+00:00","og_image":[{"width":800,"height":801,"url":"https:\/\/www.classebox.com\/calais-villars\/wp-content\/uploads\/2024\/09\/Box_de_6m2_mansarde.png","type":"image\/png"}],"twitter_card":"summary_large_image","twitter_misc":{"Dur\u00e9e de lecture estim\u00e9e":"2 minutes"},"schema":{"@context":"https:\/\/schema.org","@graph":[{"@type":"WebPage","@id":"https:\/\/www.classebox.com\/calais-villars\/produit\/box-de-10m3-6m2-mansarde-poutre-calais\/","url":"https:\/\/www.classebox.com\/calais-villars\/produit\/box-de-10m3-6m2-mansarde-poutre-calais\/","name":"Box de 10m3 (6m2) (Mansard\u00e9 + Poutre) - CLASSE BOX Calais","isPartOf":{"@id":"https:\/\/www.classebox.com\/calais-villars\/#website"},"primaryImageOfPage":{"@id":"https:\/\/www.classebox.com\/calais-villars\/produit\/box-de-10m3-6m2-mansarde-poutre-calais\/#primaryimage"},"image":{"@id":"https:\/\/www.classebox.com\/calais-villars\/produit\/box-de-10m3-6m2-mansarde-poutre-calais\/#primaryimage"},"thumbnailUrl":"https:\/\/www.classebox.com\/calais-villars\/wp-content\/uploads\/2024\/09\/Box_de_6m2_mansarde.png","datePublished":"2024-09-19T12:26:52+00:00","dateModified":"2026-03-31T10:51:40+00:00","breadcrumb":{"@id":"https:\/\/www.classebox.com\/calais-villars\/produit\/box-de-10m3-6m2-mansarde-poutre-calais\/#breadcrumb"},"inLanguage":"fr-FR","potentialAction":[{"@type":"ReadAction","target":["https:\/\/www.classebox.com\/calais-villars\/produit\/box-de-10m3-6m2-mansarde-poutre-calais\/"]}]},{"@type":"ImageObject","inLanguage":"fr-FR","@id":"https:\/\/www.classebox.com\/calais-villars\/produit\/box-de-10m3-6m2-mansarde-poutre-calais\/#primaryimage","url":"https:\/\/www.classebox.com\/calais-villars\/wp-content\/uploads\/2024\/09\/Box_de_6m2_mansarde.png","contentUrl":"https:\/\/www.classebox.com\/calais-villars\/wp-content\/uploads\/2024\/09\/Box_de_6m2_mansarde.png","width":800,"height":801,"caption":"Box de 6m2 mansard\u00e9"},{"@type":"BreadcrumbList","@id":"https:\/\/www.classebox.com\/calais-villars\/produit\/box-de-10m3-6m2-mansarde-poutre-calais\/#breadcrumb","itemListElement":[{"@type":"ListItem","position":1,"name":"Accueil","item":"https:\/\/www.classebox.com\/calais-villars\/"},{"@type":"ListItem","position":2,"name":"Centres de stockage","item":"https:\/\/www.classebox.com\/calais-villars\/centres-de-stockage\/"},{"@type":"ListItem","position":3,"name":"Box de 10m3 (6m2) (Mansard\u00e9 + Poutre)"}]},{"@type":"WebSite","@id":"https:\/\/www.classebox.com\/calais-villars\/#website","url":"https:\/\/www.classebox.com\/calais-villars\/","name":"CLASSE BOX Calais","description":"","publisher":{"@id":"https:\/\/www.classebox.com\/calais-villars\/#organization"},"potentialAction":[{"@type":"SearchAction","target":{"@type":"EntryPoint","urlTemplate":"https:\/\/www.classebox.com\/calais-villars\/?s={search_term_string}"},"query-input":{"@type":"PropertyValueSpecification","valueRequired":true,"valueName":"search_term_string"}}],"inLanguage":"fr-FR"},{"@type":"Organization","@id":"https:\/\/www.classebox.com\/calais-villars\/#organization","name":"CLASSE BOX Calais","url":"https:\/\/www.classebox.com\/calais-villars\/","logo":{"@type":"ImageObject","inLanguage":"fr-FR","@id":"https:\/\/www.classebox.com\/calais-villars\/#\/schema\/logo\/image\/","url":"https:\/\/www.classebox.com\/calais-villars\/wp-content\/uploads\/2025\/11\/logo-classe-box.png","contentUrl":"https:\/\/www.classebox.com\/calais-villars\/wp-content\/uploads\/2025\/11\/logo-classe-box.png","width":400,"height":217,"caption":"CLASSE BOX Calais"},"image":{"@id":"https:\/\/www.classebox.com\/calais-villars\/#\/schema\/logo\/image\/"},"sameAs":["https:\/\/www.facebook.com\/ClasseBox.Boulogne","https:\/\/www.instagram.com\/classe_box\/","https:\/\/www.linkedin.com\/company\/classebox\/"]}]}},"lang":"fr","translations":{"fr":1819,"en":1820},"taxonomy_info":{"product_cat":[{"value":158,"label":"Box de 5 \u00e0 8 m\u00b2"},{"value":152,"label":"Calais"}],"product_tag":[{"value":627,"label":"1er \u00e9tage"},{"value":156,"label":"FRA"},{"value":619,"label":"Promo"}]},"featured_image_src_large":["https:\/\/www.classebox.com\/calais-villars\/wp-content\/uploads\/2024\/09\/Box_de_6m2_mansarde.png",800,801,false],"author_info":[],"comment_info":1,"pll_sync_post":[],"_links":{"self":[{"href":"https:\/\/www.classebox.com\/calais-villars\/wp-json\/wp\/v2\/product\/1819","targetHints":{"allow":["GET"]}}],"collection":[{"href":"https:\/\/www.classebox.com\/calais-villars\/wp-json\/wp\/v2\/product"}],"about":[{"href":"https:\/\/www.classebox.com\/calais-villars\/wp-json\/wp\/v2\/types\/product"}],"replies":[{"embeddable":true,"href":"https:\/\/www.classebox.com\/calais-villars\/wp-json\/wp\/v2\/comments?post=1819"}],"wp:featuredmedia":[{"embeddable":true,"href":"https:\/\/www.classebox.com\/calais-villars\/wp-json\/wp\/v2\/media\/1600"}],"wp:attachment":[{"href":"https:\/\/www.classebox.com\/calais-villars\/wp-json\/wp\/v2\/media?parent=1819"}],"wp:term":[{"taxonomy":"product_brand","embeddable":true,"href":"https:\/\/www.classebox.com\/calais-villars\/wp-json\/wp\/v2\/product_brand?post=1819"},{"taxonomy":"product_cat","embeddable":true,"href":"https:\/\/www.classebox.com\/calais-villars\/wp-json\/wp\/v2\/product_cat?post=1819"},{"taxonomy":"product_tag","embeddable":true,"href":"https:\/\/www.classebox.com\/calais-villars\/wp-json\/wp\/v2\/product_tag?post=1819"}],"curies":[{"name":"wp","href":"https:\/\/api.w.org\/{rel}","templated":true}]}}